{"id":2670,"date":"2024-03-19T13:28:21","date_gmt":"2024-03-19T12:28:21","guid":{"rendered":"http:\/\/urbanlodge.be\/shop\/"},"modified":"2024-03-19T13:28:22","modified_gmt":"2024-03-19T12:28:22","slug":"shop","status":"publish","type":"page","link":"https:\/\/urbanlodge.be\/de\/shop\/","title":{"rendered":"Shop"},"content":{"rendered":"","protected":false},"excerpt":{"rendered":"","protected":false},"author":7,"featured_media":0,"parent":0,"menu_order":0,"comment_status":"closed","ping_status":"closed","template":"","meta":{"footnotes":""},"class_list":["post-2670","page","type-page","status-publish","hentry"],"yoast_head":"<!-- This site is optimized with the Yoast SEO plugin v24.5 - https:\/\/yoast.com\/wordpress\/plugins\/seo\/ -->\n<title>Shop - Urban Lodge<\/title>\n<meta name=\"robots\" content=\"index, follow, max-snippet:-1, max-image-preview:large, max-video-preview:-1\" \/>\n<link rel=\"canonical\" href=\"https:\/\/urbanlodge.be\/de\/shop\/\" \/>\n<meta property=\"og:locale\" content=\"de_DE\" \/>\n<meta property=\"og:type\" content=\"article\" \/>\n<meta property=\"og:title\" content=\"Shop - Urban Lodge\" \/>\n<meta property=\"og:url\" content=\"https:\/\/urbanlodge.be\/de\/shop\/\" \/>\n<meta property=\"og:site_name\" content=\"Urban Lodge\" \/>\n<meta property=\"article:modified_time\" content=\"2024-03-19T12:28:22+00:00\" \/>\n<meta name=\"twitter:card\" content=\"summary_large_image\" \/>\n<script type=\"application\/ld+json\" class=\"yoast-schema-graph\">{\"@context\":\"https:\/\/schema.org\",\"@graph\":[{\"@type\":\"WebPage\",\"@id\":\"https:\/\/urbanlodge.be\/de\/shop\/\",\"url\":\"https:\/\/urbanlodge.be\/de\/shop\/\",\"name\":\"Shop - Urban Lodge\",\"isPartOf\":{\"@id\":\"https:\/\/urbanlodge.be\/de\/#website\"},\"datePublished\":\"2024-03-19T12:28:21+00:00\",\"dateModified\":\"2024-03-19T12:28:22+00:00\",\"breadcrumb\":{\"@id\":\"https:\/\/urbanlodge.be\/de\/shop\/#breadcrumb\"},\"inLanguage\":\"de\",\"potentialAction\":[{\"@type\":\"ReadAction\",\"target\":[\"https:\/\/urbanlodge.be\/de\/shop\/\"]}]},{\"@type\":\"BreadcrumbList\",\"@id\":\"https:\/\/urbanlodge.be\/de\/shop\/#breadcrumb\",\"itemListElement\":[{\"@type\":\"ListItem\",\"position\":1,\"name\":\"Accueil\",\"item\":\"https:\/\/urbanlodge.be\/de\/\"},{\"@type\":\"ListItem\",\"position\":2,\"name\":\"Shop\"}]},{\"@type\":\"WebSite\",\"@id\":\"https:\/\/urbanlodge.be\/de\/#website\",\"url\":\"https:\/\/urbanlodge.be\/de\/\",\"name\":\"Urban Lodge\",\"description\":\"R\u00e9sidence h\u00f4teli\u00e8re de luxe \u00e0 Chaudfontaine\",\"publisher\":{\"@id\":\"https:\/\/urbanlodge.be\/de\/#organization\"},\"potentialAction\":[{\"@type\":\"SearchAction\",\"target\":{\"@type\":\"EntryPoint\",\"urlTemplate\":\"https:\/\/urbanlodge.be\/de\/?s={search_term_string}\"},\"query-input\":{\"@type\":\"PropertyValueSpecification\",\"valueRequired\":true,\"valueName\":\"search_term_string\"}}],\"inLanguage\":\"de\"},{\"@type\":\"Organization\",\"@id\":\"https:\/\/urbanlodge.be\/de\/#organization\",\"name\":\"Urban Lodge\",\"url\":\"https:\/\/urbanlodge.be\/de\/\",\"logo\":{\"@type\":\"ImageObject\",\"inLanguage\":\"de\",\"@id\":\"https:\/\/urbanlodge.be\/de\/#\/schema\/logo\/image\/\",\"url\":\"http:\/\/urbanlodge.be\/wp-content\/uploads\/2022\/12\/cropped-favicon.jpg\",\"contentUrl\":\"http:\/\/urbanlodge.be\/wp-content\/uploads\/2022\/12\/cropped-favicon.jpg\",\"width\":512,\"height\":512,\"caption\":\"Urban Lodge\"},\"image\":{\"@id\":\"https:\/\/urbanlodge.be\/de\/#\/schema\/logo\/image\/\"}}]}<\/script>\n<!-- \/ Yoast SEO plugin. -->","yoast_head_json":{"title":"Shop - Urban Lodge","robots":{"index":"index","follow":"follow","max-snippet":"max-snippet:-1","max-image-preview":"max-image-preview:large","max-video-preview":"max-video-preview:-1"},"canonical":"https:\/\/urbanlodge.be\/de\/shop\/","og_locale":"de_DE","og_type":"article","og_title":"Shop - Urban Lodge","og_url":"https:\/\/urbanlodge.be\/de\/shop\/","og_site_name":"Urban Lodge","article_modified_time":"2024-03-19T12:28:22+00:00","twitter_card":"summary_large_image","schema":{"@context":"https:\/\/schema.org","@graph":[{"@type":"WebPage","@id":"https:\/\/urbanlodge.be\/de\/shop\/","url":"https:\/\/urbanlodge.be\/de\/shop\/","name":"Shop - Urban Lodge","isPartOf":{"@id":"https:\/\/urbanlodge.be\/de\/#website"},"datePublished":"2024-03-19T12:28:21+00:00","dateModified":"2024-03-19T12:28:22+00:00","breadcrumb":{"@id":"https:\/\/urbanlodge.be\/de\/shop\/#breadcrumb"},"inLanguage":"de","potentialAction":[{"@type":"ReadAction","target":["https:\/\/urbanlodge.be\/de\/shop\/"]}]},{"@type":"BreadcrumbList","@id":"https:\/\/urbanlodge.be\/de\/shop\/#breadcrumb","itemListElement":[{"@type":"ListItem","position":1,"name":"Accueil","item":"https:\/\/urbanlodge.be\/de\/"},{"@type":"ListItem","position":2,"name":"Shop"}]},{"@type":"WebSite","@id":"https:\/\/urbanlodge.be\/de\/#website","url":"https:\/\/urbanlodge.be\/de\/","name":"Urban Lodge","description":"R\u00e9sidence h\u00f4teli\u00e8re de luxe \u00e0 Chaudfontaine","publisher":{"@id":"https:\/\/urbanlodge.be\/de\/#organization"},"potentialAction":[{"@type":"SearchAction","target":{"@type":"EntryPoint","urlTemplate":"https:\/\/urbanlodge.be\/de\/?s={search_term_string}"},"query-input":{"@type":"PropertyValueSpecification","valueRequired":true,"valueName":"search_term_string"}}],"inLanguage":"de"},{"@type":"Organization","@id":"https:\/\/urbanlodge.be\/de\/#organization","name":"Urban Lodge","url":"https:\/\/urbanlodge.be\/de\/","logo":{"@type":"ImageObject","inLanguage":"de","@id":"https:\/\/urbanlodge.be\/de\/#\/schema\/logo\/image\/","url":"http:\/\/urbanlodge.be\/wp-content\/uploads\/2022\/12\/cropped-favicon.jpg","contentUrl":"http:\/\/urbanlodge.be\/wp-content\/uploads\/2022\/12\/cropped-favicon.jpg","width":512,"height":512,"caption":"Urban Lodge"},"image":{"@id":"https:\/\/urbanlodge.be\/de\/#\/schema\/logo\/image\/"}}]}},"_links":{"self":[{"href":"https:\/\/urbanlodge.be\/de\/wp-json\/wp\/v2\/pages\/2670","targetHints":{"allow":["GET"]}}],"collection":[{"href":"https:\/\/urbanlodge.be\/de\/wp-json\/wp\/v2\/pages"}],"about":[{"href":"https:\/\/urbanlodge.be\/de\/wp-json\/wp\/v2\/types\/page"}],"author":[{"embeddable":true,"href":"https:\/\/urbanlodge.be\/de\/wp-json\/wp\/v2\/users\/7"}],"replies":[{"embeddable":true,"href":"https:\/\/urbanlodge.be\/de\/wp-json\/wp\/v2\/comments?post=2670"}],"version-history":[{"count":0,"href":"https:\/\/urbanlodge.be\/de\/wp-json\/wp\/v2\/pages\/2670\/revisions"}],"wp:attachment":[{"href":"https:\/\/urbanlodge.be\/de\/wp-json\/wp\/v2\/media?parent=2670"}],"curies":[{"name":"wp","href":"https:\/\/api.w.org\/{rel}","templated":true}]}}