{"id":2993,"date":"2023-01-05T13:24:29","date_gmt":"2023-01-05T12:24:29","guid":{"rendered":"http:\/\/urbanlodge.be\/?page_id=2993"},"modified":"2024-03-20T12:49:44","modified_gmt":"2024-03-20T11:49:44","slug":"danke","status":"publish","type":"page","link":"https:\/\/urbanlodge.be\/de\/danke\/","title":{"rendered":"Danke"},"content":{"rendered":"<p>Guten Morgen,<\/p><p>Ihre Nachricht wurde erfolgreich gesendet.<\/p><p>Einer unserer Mitarbeiter wird sich mit Ihnen in Verbindung setzen.<\/p><p>Vielen Dank.<\/p><p>Urban Lodge<\/p>","protected":false},"excerpt":{"rendered":"<p>Guten Morgen, Ihre Nachricht wurde erfolgreich gesendet. Einer unserer Mitarbeiter wird sich mit Ihnen in Verbindung setzen. Vielen Dank. Urban Lodge<\/p>\n","protected":false},"author":7,"featured_media":0,"parent":0,"menu_order":0,"comment_status":"closed","ping_status":"closed","template":"","meta":{"footnotes":""},"class_list":["post-2993","page","type-page","status-publish","hentry"],"yoast_head":"<!-- This site is optimized with the Yoast SEO plugin v24.5 - https:\/\/yoast.com\/wordpress\/plugins\/seo\/ -->\n<title>Danke - Urban Lodge<\/title>\n<meta name=\"robots\" content=\"index, follow, max-snippet:-1, max-image-preview:large, max-video-preview:-1\" \/>\n<link rel=\"canonical\" href=\"https:\/\/urbanlodge.be\/de\/danke\/\" \/>\n<meta property=\"og:locale\" content=\"de_DE\" \/>\n<meta property=\"og:type\" content=\"article\" \/>\n<meta property=\"og:title\" content=\"Danke - Urban Lodge\" \/>\n<meta property=\"og:description\" content=\"Guten Morgen, Ihre Nachricht wurde erfolgreich gesendet. Einer unserer Mitarbeiter wird sich mit Ihnen in Verbindung setzen. Vielen Dank. Urban Lodge\" \/>\n<meta property=\"og:url\" content=\"https:\/\/urbanlodge.be\/de\/danke\/\" \/>\n<meta property=\"og:site_name\" content=\"Urban Lodge\" \/>\n<meta property=\"article:modified_time\" content=\"2024-03-20T11:49:44+00:00\" \/>\n<meta name=\"twitter:card\" content=\"summary_large_image\" \/>\n<meta name=\"twitter:label1\" content=\"Gesch\u00e4tzte Lesezeit\" \/>\n\t<meta name=\"twitter:data1\" content=\"1\u00a0Minute\" \/>\n<script type=\"application\/ld+json\" class=\"yoast-schema-graph\">{\"@context\":\"https:\/\/schema.org\",\"@graph\":[{\"@type\":\"WebPage\",\"@id\":\"https:\/\/urbanlodge.be\/de\/danke\/\",\"url\":\"https:\/\/urbanlodge.be\/de\/danke\/\",\"name\":\"Danke - Urban Lodge\",\"isPartOf\":{\"@id\":\"https:\/\/urbanlodge.be\/de\/#website\"},\"datePublished\":\"2023-01-05T12:24:29+00:00\",\"dateModified\":\"2024-03-20T11:49:44+00:00\",\"breadcrumb\":{\"@id\":\"https:\/\/urbanlodge.be\/de\/danke\/#breadcrumb\"},\"inLanguage\":\"de\",\"potentialAction\":[{\"@type\":\"ReadAction\",\"target\":[\"https:\/\/urbanlodge.be\/de\/danke\/\"]}]},{\"@type\":\"BreadcrumbList\",\"@id\":\"https:\/\/urbanlodge.be\/de\/danke\/#breadcrumb\",\"itemListElement\":[{\"@type\":\"ListItem\",\"position\":1,\"name\":\"Accueil\",\"item\":\"https:\/\/urbanlodge.be\/de\/\"},{\"@type\":\"ListItem\",\"position\":2,\"name\":\"Danke\"}]},{\"@type\":\"WebSite\",\"@id\":\"https:\/\/urbanlodge.be\/de\/#website\",\"url\":\"https:\/\/urbanlodge.be\/de\/\",\"name\":\"Urban Lodge\",\"description\":\"R\u00e9sidence h\u00f4teli\u00e8re de luxe \u00e0 Chaudfontaine\",\"publisher\":{\"@id\":\"https:\/\/urbanlodge.be\/de\/#organization\"},\"potentialAction\":[{\"@type\":\"SearchAction\",\"target\":{\"@type\":\"EntryPoint\",\"urlTemplate\":\"https:\/\/urbanlodge.be\/de\/?s={search_term_string}\"},\"query-input\":{\"@type\":\"PropertyValueSpecification\",\"valueRequired\":true,\"valueName\":\"search_term_string\"}}],\"inLanguage\":\"de\"},{\"@type\":\"Organization\",\"@id\":\"https:\/\/urbanlodge.be\/de\/#organization\",\"name\":\"Urban Lodge\",\"url\":\"https:\/\/urbanlodge.be\/de\/\",\"logo\":{\"@type\":\"ImageObject\",\"inLanguage\":\"de\",\"@id\":\"https:\/\/urbanlodge.be\/de\/#\/schema\/logo\/image\/\",\"url\":\"http:\/\/urbanlodge.be\/wp-content\/uploads\/2022\/12\/cropped-favicon.jpg\",\"contentUrl\":\"http:\/\/urbanlodge.be\/wp-content\/uploads\/2022\/12\/cropped-favicon.jpg\",\"width\":512,\"height\":512,\"caption\":\"Urban Lodge\"},\"image\":{\"@id\":\"https:\/\/urbanlodge.be\/de\/#\/schema\/logo\/image\/\"}}]}<\/script>\n<!-- \/ Yoast SEO plugin. -->","yoast_head_json":{"title":"Danke - Urban Lodge","robots":{"index":"index","follow":"follow","max-snippet":"max-snippet:-1","max-image-preview":"max-image-preview:large","max-video-preview":"max-video-preview:-1"},"canonical":"https:\/\/urbanlodge.be\/de\/danke\/","og_locale":"de_DE","og_type":"article","og_title":"Danke - Urban Lodge","og_description":"Guten Morgen, Ihre Nachricht wurde erfolgreich gesendet. Einer unserer Mitarbeiter wird sich mit Ihnen in Verbindung setzen. Vielen Dank. Urban Lodge","og_url":"https:\/\/urbanlodge.be\/de\/danke\/","og_site_name":"Urban Lodge","article_modified_time":"2024-03-20T11:49:44+00:00","twitter_card":"summary_large_image","twitter_misc":{"Gesch\u00e4tzte Lesezeit":"1\u00a0Minute"},"schema":{"@context":"https:\/\/schema.org","@graph":[{"@type":"WebPage","@id":"https:\/\/urbanlodge.be\/de\/danke\/","url":"https:\/\/urbanlodge.be\/de\/danke\/","name":"Danke - Urban Lodge","isPartOf":{"@id":"https:\/\/urbanlodge.be\/de\/#website"},"datePublished":"2023-01-05T12:24:29+00:00","dateModified":"2024-03-20T11:49:44+00:00","breadcrumb":{"@id":"https:\/\/urbanlodge.be\/de\/danke\/#breadcrumb"},"inLanguage":"de","potentialAction":[{"@type":"ReadAction","target":["https:\/\/urbanlodge.be\/de\/danke\/"]}]},{"@type":"BreadcrumbList","@id":"https:\/\/urbanlodge.be\/de\/danke\/#breadcrumb","itemListElement":[{"@type":"ListItem","position":1,"name":"Accueil","item":"https:\/\/urbanlodge.be\/de\/"},{"@type":"ListItem","position":2,"name":"Danke"}]},{"@type":"WebSite","@id":"https:\/\/urbanlodge.be\/de\/#website","url":"https:\/\/urbanlodge.be\/de\/","name":"Urban Lodge","description":"R\u00e9sidence h\u00f4teli\u00e8re de luxe \u00e0 Chaudfontaine","publisher":{"@id":"https:\/\/urbanlodge.be\/de\/#organization"},"potentialAction":[{"@type":"SearchAction","target":{"@type":"EntryPoint","urlTemplate":"https:\/\/urbanlodge.be\/de\/?s={search_term_string}"},"query-input":{"@type":"PropertyValueSpecification","valueRequired":true,"valueName":"search_term_string"}}],"inLanguage":"de"},{"@type":"Organization","@id":"https:\/\/urbanlodge.be\/de\/#organization","name":"Urban Lodge","url":"https:\/\/urbanlodge.be\/de\/","logo":{"@type":"ImageObject","inLanguage":"de","@id":"https:\/\/urbanlodge.be\/de\/#\/schema\/logo\/image\/","url":"http:\/\/urbanlodge.be\/wp-content\/uploads\/2022\/12\/cropped-favicon.jpg","contentUrl":"http:\/\/urbanlodge.be\/wp-content\/uploads\/2022\/12\/cropped-favicon.jpg","width":512,"height":512,"caption":"Urban Lodge"},"image":{"@id":"https:\/\/urbanlodge.be\/de\/#\/schema\/logo\/image\/"}}]}},"_links":{"self":[{"href":"https:\/\/urbanlodge.be\/de\/wp-json\/wp\/v2\/pages\/2993","targetHints":{"allow":["GET"]}}],"collection":[{"href":"https:\/\/urbanlodge.be\/de\/wp-json\/wp\/v2\/pages"}],"about":[{"href":"https:\/\/urbanlodge.be\/de\/wp-json\/wp\/v2\/types\/page"}],"author":[{"embeddable":true,"href":"https:\/\/urbanlodge.be\/de\/wp-json\/wp\/v2\/users\/7"}],"replies":[{"embeddable":true,"href":"https:\/\/urbanlodge.be\/de\/wp-json\/wp\/v2\/comments?post=2993"}],"version-history":[{"count":1,"href":"https:\/\/urbanlodge.be\/de\/wp-json\/wp\/v2\/pages\/2993\/revisions"}],"predecessor-version":[{"id":2994,"href":"https:\/\/urbanlodge.be\/de\/wp-json\/wp\/v2\/pages\/2993\/revisions\/2994"}],"wp:attachment":[{"href":"https:\/\/urbanlodge.be\/de\/wp-json\/wp\/v2\/media?parent=2993"}],"curies":[{"name":"wp","href":"https:\/\/api.w.org\/{rel}","templated":true}]}}