{"id":3001,"date":"2022-10-05T16:09:12","date_gmt":"2022-10-05T14:09:12","guid":{"rendered":"http:\/\/urbanlodge.be\/?page_id=3001"},"modified":"2024-03-20T13:29:42","modified_gmt":"2024-03-20T12:29:42","slug":"mein-account-2","status":"publish","type":"page","link":"https:\/\/urbanlodge.be\/de\/mein-account-2\/","title":{"rendered":"Mein Account"},"content":{"rendered":"\t\t<div class=\"mphb_sc_account\">\n\t\t\t\t\t\t<div class=\"mphb-account-content\">\n\t\t\t\t\t\t\t\t\t\t\t\t\t\t\t<div class=\"mphb-login-form\">\n\t\t\t\t<form name=\"loginform\" id=\"loginform\" action=\"https:\/\/urbanlodge.be\/wp-login.php\" method=\"post\"><p class=\"login-username\">\n\t\t\t\t<label for=\"user_login\">Benutzername oder E-Mail-Adresse<\/label>\n\t\t\t\t<input type=\"text\" name=\"log\" id=\"user_login\" autocomplete=\"username\" class=\"input\" value=\"\" size=\"20\" \/>\n\t\t\t<\/p><p class=\"login-password\">\n\t\t\t\t<label for=\"user_pass\">Passwort<\/label>\n\t\t\t\t<input type=\"password\" name=\"pwd\" id=\"user_pass\" autocomplete=\"current-password\" spellcheck=\"false\" class=\"input\" value=\"\" size=\"20\" \/>\n\t\t\t<\/p><p class=\"login-remember\"><label><input name=\"rememberme\" type=\"checkbox\" id=\"rememberme\" value=\"forever\" \/> Angemeldet bleiben<\/label><\/p><p class=\"login-submit\">\n\t\t\t\t<input type=\"submit\" name=\"wp-submit\" id=\"wp-submit\" class=\"button button-primary\" value=\"Anmelden\" \/>\n\t\t\t\t<input type=\"hidden\" name=\"redirect_to\" value=\"https:\/\/urbanlodge.be\/de\/wp-json\/wp\/v2\/pages\/3001\" \/>\n\t\t\t<\/p><\/form>\t\t\t\t<a href=\"https:\/\/urbanlodge.be\/mon-compte-2\/lost-password\/\">Lost your password?<\/a>\n\t\t\t<\/div>\n\t\t\t\t\t\t\t\t\t\t<\/div>\n\t\t<\/div>\n\t\t","protected":false},"excerpt":{"rendered":"","protected":false},"author":7,"featured_media":0,"parent":0,"menu_order":0,"comment_status":"closed","ping_status":"closed","template":"","meta":{"footnotes":""},"class_list":["post-3001","page","type-page","status-publish","hentry"],"yoast_head":"<!-- This site is optimized with the Yoast SEO plugin v24.5 - https:\/\/yoast.com\/wordpress\/plugins\/seo\/ -->\n<title>Mein Account - Urban Lodge<\/title>\n<meta name=\"robots\" content=\"index, follow, max-snippet:-1, max-image-preview:large, max-video-preview:-1\" \/>\n<link rel=\"canonical\" href=\"https:\/\/urbanlodge.be\/de\/mein-account-2\/\" \/>\n<meta property=\"og:locale\" content=\"de_DE\" \/>\n<meta property=\"og:type\" content=\"article\" \/>\n<meta property=\"og:title\" content=\"Mein Account - Urban Lodge\" \/>\n<meta property=\"og:url\" content=\"https:\/\/urbanlodge.be\/de\/mein-account-2\/\" \/>\n<meta property=\"og:site_name\" content=\"Urban Lodge\" \/>\n<meta property=\"article:modified_time\" content=\"2024-03-20T12:29:42+00:00\" \/>\n<meta name=\"twitter:card\" content=\"summary_large_image\" \/>\n<meta name=\"twitter:label1\" content=\"Gesch\u00e4tzte Lesezeit\" \/>\n\t<meta name=\"twitter:data1\" content=\"1\u00a0Minute\" \/>\n<script type=\"application\/ld+json\" class=\"yoast-schema-graph\">{\"@context\":\"https:\/\/schema.org\",\"@graph\":[{\"@type\":\"WebPage\",\"@id\":\"https:\/\/urbanlodge.be\/de\/mein-account-2\/\",\"url\":\"https:\/\/urbanlodge.be\/de\/mein-account-2\/\",\"name\":\"Mein Account - Urban Lodge\",\"isPartOf\":{\"@id\":\"https:\/\/urbanlodge.be\/de\/#website\"},\"datePublished\":\"2022-10-05T14:09:12+00:00\",\"dateModified\":\"2024-03-20T12:29:42+00:00\",\"breadcrumb\":{\"@id\":\"https:\/\/urbanlodge.be\/de\/mein-account-2\/#breadcrumb\"},\"inLanguage\":\"de\",\"potentialAction\":[{\"@type\":\"ReadAction\",\"target\":[\"https:\/\/urbanlodge.be\/de\/mein-account-2\/\"]}]},{\"@type\":\"BreadcrumbList\",\"@id\":\"https:\/\/urbanlodge.be\/de\/mein-account-2\/#breadcrumb\",\"itemListElement\":[{\"@type\":\"ListItem\",\"position\":1,\"name\":\"Accueil\",\"item\":\"https:\/\/urbanlodge.be\/de\/\"},{\"@type\":\"ListItem\",\"position\":2,\"name\":\"Mein Account\"}]},{\"@type\":\"WebSite\",\"@id\":\"https:\/\/urbanlodge.be\/de\/#website\",\"url\":\"https:\/\/urbanlodge.be\/de\/\",\"name\":\"Urban Lodge\",\"description\":\"R\u00e9sidence h\u00f4teli\u00e8re de luxe \u00e0 Chaudfontaine\",\"publisher\":{\"@id\":\"https:\/\/urbanlodge.be\/de\/#organization\"},\"potentialAction\":[{\"@type\":\"SearchAction\",\"target\":{\"@type\":\"EntryPoint\",\"urlTemplate\":\"https:\/\/urbanlodge.be\/de\/?s={search_term_string}\"},\"query-input\":{\"@type\":\"PropertyValueSpecification\",\"valueRequired\":true,\"valueName\":\"search_term_string\"}}],\"inLanguage\":\"de\"},{\"@type\":\"Organization\",\"@id\":\"https:\/\/urbanlodge.be\/de\/#organization\",\"name\":\"Urban Lodge\",\"url\":\"https:\/\/urbanlodge.be\/de\/\",\"logo\":{\"@type\":\"ImageObject\",\"inLanguage\":\"de\",\"@id\":\"https:\/\/urbanlodge.be\/de\/#\/schema\/logo\/image\/\",\"url\":\"http:\/\/urbanlodge.be\/wp-content\/uploads\/2022\/12\/cropped-favicon.jpg\",\"contentUrl\":\"http:\/\/urbanlodge.be\/wp-content\/uploads\/2022\/12\/cropped-favicon.jpg\",\"width\":512,\"height\":512,\"caption\":\"Urban Lodge\"},\"image\":{\"@id\":\"https:\/\/urbanlodge.be\/de\/#\/schema\/logo\/image\/\"}}]}<\/script>\n<!-- \/ Yoast SEO plugin. -->","yoast_head_json":{"title":"Mein Account - Urban Lodge","robots":{"index":"index","follow":"follow","max-snippet":"max-snippet:-1","max-image-preview":"max-image-preview:large","max-video-preview":"max-video-preview:-1"},"canonical":"https:\/\/urbanlodge.be\/de\/mein-account-2\/","og_locale":"de_DE","og_type":"article","og_title":"Mein Account - Urban Lodge","og_url":"https:\/\/urbanlodge.be\/de\/mein-account-2\/","og_site_name":"Urban Lodge","article_modified_time":"2024-03-20T12:29:42+00:00","twitter_card":"summary_large_image","twitter_misc":{"Gesch\u00e4tzte Lesezeit":"1\u00a0Minute"},"schema":{"@context":"https:\/\/schema.org","@graph":[{"@type":"WebPage","@id":"https:\/\/urbanlodge.be\/de\/mein-account-2\/","url":"https:\/\/urbanlodge.be\/de\/mein-account-2\/","name":"Mein Account - Urban Lodge","isPartOf":{"@id":"https:\/\/urbanlodge.be\/de\/#website"},"datePublished":"2022-10-05T14:09:12+00:00","dateModified":"2024-03-20T12:29:42+00:00","breadcrumb":{"@id":"https:\/\/urbanlodge.be\/de\/mein-account-2\/#breadcrumb"},"inLanguage":"de","potentialAction":[{"@type":"ReadAction","target":["https:\/\/urbanlodge.be\/de\/mein-account-2\/"]}]},{"@type":"BreadcrumbList","@id":"https:\/\/urbanlodge.be\/de\/mein-account-2\/#breadcrumb","itemListElement":[{"@type":"ListItem","position":1,"name":"Accueil","item":"https:\/\/urbanlodge.be\/de\/"},{"@type":"ListItem","position":2,"name":"Mein Account"}]},{"@type":"WebSite","@id":"https:\/\/urbanlodge.be\/de\/#website","url":"https:\/\/urbanlodge.be\/de\/","name":"Urban Lodge","description":"R\u00e9sidence h\u00f4teli\u00e8re de luxe \u00e0 Chaudfontaine","publisher":{"@id":"https:\/\/urbanlodge.be\/de\/#organization"},"potentialAction":[{"@type":"SearchAction","target":{"@type":"EntryPoint","urlTemplate":"https:\/\/urbanlodge.be\/de\/?s={search_term_string}"},"query-input":{"@type":"PropertyValueSpecification","valueRequired":true,"valueName":"search_term_string"}}],"inLanguage":"de"},{"@type":"Organization","@id":"https:\/\/urbanlodge.be\/de\/#organization","name":"Urban Lodge","url":"https:\/\/urbanlodge.be\/de\/","logo":{"@type":"ImageObject","inLanguage":"de","@id":"https:\/\/urbanlodge.be\/de\/#\/schema\/logo\/image\/","url":"http:\/\/urbanlodge.be\/wp-content\/uploads\/2022\/12\/cropped-favicon.jpg","contentUrl":"http:\/\/urbanlodge.be\/wp-content\/uploads\/2022\/12\/cropped-favicon.jpg","width":512,"height":512,"caption":"Urban Lodge"},"image":{"@id":"https:\/\/urbanlodge.be\/de\/#\/schema\/logo\/image\/"}}]}},"_links":{"self":[{"href":"https:\/\/urbanlodge.be\/de\/wp-json\/wp\/v2\/pages\/3001","targetHints":{"allow":["GET"]}}],"collection":[{"href":"https:\/\/urbanlodge.be\/de\/wp-json\/wp\/v2\/pages"}],"about":[{"href":"https:\/\/urbanlodge.be\/de\/wp-json\/wp\/v2\/types\/page"}],"author":[{"embeddable":true,"href":"https:\/\/urbanlodge.be\/de\/wp-json\/wp\/v2\/users\/7"}],"replies":[{"embeddable":true,"href":"https:\/\/urbanlodge.be\/de\/wp-json\/wp\/v2\/comments?post=3001"}],"version-history":[{"count":1,"href":"https:\/\/urbanlodge.be\/de\/wp-json\/wp\/v2\/pages\/3001\/revisions"}],"predecessor-version":[{"id":3002,"href":"https:\/\/urbanlodge.be\/de\/wp-json\/wp\/v2\/pages\/3001\/revisions\/3002"}],"wp:attachment":[{"href":"https:\/\/urbanlodge.be\/de\/wp-json\/wp\/v2\/media?parent=3001"}],"curies":[{"name":"wp","href":"https:\/\/api.w.org\/{rel}","templated":true}]}}