{"id":3055,"date":"2020-10-21T08:43:12","date_gmt":"2020-10-21T06:43:12","guid":{"rendered":"http:\/\/urbanlodge.be\/?page_id=3055"},"modified":"2024-03-21T09:01:59","modified_gmt":"2024-03-21T08:01:59","slug":"politik-der-cookies","status":"publish","type":"page","link":"https:\/\/urbanlodge.be\/de\/politik-der-cookies\/","title":{"rendered":"Politik der Cookies"},"content":{"rendered":"\t\t<div data-elementor-type=\"wp-post\" data-elementor-id=\"3055\" class=\"elementor elementor-3055 elementor-1217\">\n\t\t\t\t\t\t<section class=\"elementor-section elementor-top-section elementor-element elementor-element-464d89b elementor-section-full_width elementor-section-height-full elementor-section-height-default elementor-section-items-middle\" data-id=\"464d89b\" data-element_type=\"section\" data-settings=\"{&quot;background_background&quot;:&quot;classic&quot;}\">\n\t\t\t\t\t\t\t<div class=\"elementor-background-overlay\"><\/div>\n\t\t\t\t\t\t\t<div class=\"elementor-container elementor-column-gap-default\">\n\t\t\t\t\t<div class=\"elementor-column elementor-col-100 elementor-top-column elementor-element elementor-element-7c785917\" data-id=\"7c785917\" data-element_type=\"column\">\n\t\t\t<div class=\"elementor-widget-wrap elementor-element-populated\">\n\t\t\t\t\t\t<div class=\"elementor-element elementor-element-4ed612dd elementor-widget elementor-widget-spacer\" data-id=\"4ed612dd\" data-element_type=\"widget\" data-widget_type=\"spacer.default\">\n\t\t\t\t<div class=\"elementor-widget-container\">\n\t\t\t\t\t<div class=\"elementor-spacer\">\n\t\t\t<div class=\"elementor-spacer-inner\"><\/div>\n\t\t<\/div>\n\t\t\t\t<\/div>\n\t\t\t\t<\/div>\n\t\t\t\t<div class=\"elementor-element elementor-element-a947cf6 elementor-view-default elementor-position-top elementor-invisible elementor-widget elementor-widget-themo-header\" data-id=\"a947cf6\" data-element_type=\"widget\" data-settings=\"{&quot;_animation&quot;:&quot;fadeIn&quot;}\" data-widget_type=\"themo-header.default\">\n\t\t\t\t<div class=\"elementor-widget-container\">\n\t\t\t\t\t<div class=\"th-header-wrap\">\n        <div class=\"elementor-icon-box-wrapper \">\n                            <div class=\"elementor-icon-box-content\">\n                    <h1 class=\"elementor-icon-box-title\">\n                        POLITIK DER COOKIES                    <\/h1>\n                                            <span class=\"th-header-divider\"><\/span>\n                                        <p class=\"elementor-icon-box-description\"><\/p>\n\n                                    <\/div>\n            <\/div>\n\n        <\/div>\n\n\t\t\t\t<\/div>\n\t\t\t\t<\/div>\n\t\t\t\t\t<\/div>\n\t\t<\/div>\n\t\t\t\t\t<\/div>\n\t\t<\/section>\n\t\t\t\t<section class=\"th-parallax elementor-section elementor-top-section elementor-element elementor-element-729946c7 elementor-section-boxed elementor-section-height-default elementor-section-height-default\" data-parallax=\"scroll\" data-image-src=\"\" data-id=\"729946c7\" data-element_type=\"section\" data-settings=\"{&quot;background_background&quot;:&quot;classic&quot;}\">\n\t\t\t\t\t\t<div class=\"elementor-container elementor-column-gap-default\">\n\t\t\t\t\t<div class=\"elementor-column elementor-col-100 elementor-top-column elementor-element elementor-element-25e1df6e\" data-id=\"25e1df6e\" data-element_type=\"column\">\n\t\t\t<div class=\"elementor-widget-wrap elementor-element-populated\">\n\t\t\t\t\t\t<div class=\"elementor-element elementor-element-252bac0 elementor-widget elementor-widget-text-editor\" data-id=\"252bac0\" data-element_type=\"widget\" data-widget_type=\"text-editor.default\">\n\t\t\t\t<div class=\"elementor-widget-container\">\n\t\t\t\t\t\t\t<p><b><strong>Die Urban Lodge<\/strong><\/b> (\"wir\", \"uns\" oder \"unser\") verwendet Cookies, um Ihnen einen besseren und st\u00e4rker personalisierten Webservice bieten zu k\u00f6nnen. Mithilfe dieser Cookie-Richtlinie stellen wir Ihnen transparent dar, wie und warum wir Cookies auf dieser Seite verwenden.<\/p><p><b><strong>Wenn Sie auf unserer Seite surfen<\/strong><\/b>, sind Cookies standardm\u00e4\u00dfig aktiviert und die Daten k\u00f6nnen gelesen oder lokal auf Ihrer Hardware gespeichert werden. Sie werden das erste Mal benachrichtigt, wenn Sie ein Cookie erhalten, und k\u00f6nnen dann entscheiden, ob Sie es annehmen oder ablehnen m\u00f6chten. Wenn Sie unsere Seite weiterhin nutzen, stimmen Sie der Verwendung solcher Cookies durch L'Urban Lodge ausdr\u00fccklich zu.<\/p><p><b><strong>Von der Website selbst werden keine Daten automatisch gesammelt.<\/strong><\/b> Die einzigen Daten, die wir verarbeiten, sind die, die Sie uns freiwillig mitteilen, sei es anl\u00e4sslich ausgetauschter Kommunikationen, z. B. durch das Versenden von Nachrichten auf dieser Website, durch Kommunikation mit uns per E-Mail, im Rahmen der Anmeldung zum Newsletter usw...<\/p><h2>WAS IST EIN COOKIE UND WOZU DIENT ES?<\/h2><p>Ein \"Cookie\" ist eine kleine Textdatei, die von Ihrem Browser gespeichert und\/oder gelesen wird. Sie wird auf der Festplatte Ihres Endger\u00e4ts (z. B. PC, Laptop oder Smartphone) gespeichert und von den Websites, die Sie besuchen, gesendet. Die \u00fcberwiegende Mehrheit der Websites verwendet Cookies, um gut zu funktionieren und ihre Benutzerfreundlichkeit und Funktionalit\u00e4t zu optimieren.<\/p><p>Das Cookie enth\u00e4lt einen eindeutigen Code, mit dem Ihr Browser bei Ihrem Besuch auf der Website oder bei k\u00fcnftigen, wiederholten Besuchen wiedererkannt werden kann. Diese Cookies verarbeiten eine Reihe von Informationen, wie z. B. Ihre Pr\u00e4ferenzen (Benutzername, Sprache usw.), was die Interaktion mit den Websites sicherer und schneller macht. Andere Informationen k\u00f6nnen automatisch gesammelt werden, werden aber nur f\u00fcr statistische Tools verwendet, bleiben aber v\u00f6llig anonym.<\/p><p>Au\u00dferdem dienen Cookies dazu, zwischen den verschiedenen Seiten der Website zu navigieren. Oder sie erm\u00f6glichen es, den Inhalt und\/oder die Werbung auf der Website an den pers\u00f6nlichen Geschmack und die Bed\u00fcrfnisse des Besuchers anzupassen und relevanter zu machen.<\/p><p>Je nach ihrer Funktion und dem Zweck ihrer Verwendung werden Cookies in die unten beschriebenen Kategorien eingeteilt, die von L'Urban Lodge auf dieser Website verwendet werden:<\/p><ul><li>Cookies, die f\u00fcr die Navigation absolut notwendig sind, erm\u00f6glichen den Besuch unserer Website und die Nutzung ihrer grundlegenden Funktionen. Diese Cookies betreffen nur Ihre IP-Adresse, die f\u00fcr Ihre Navigation im Internet erforderlich ist. Diese Cookies sind f\u00fcr das reibungslose Funktionieren unserer Website unerl\u00e4sslich.<\/li><li>Funktions-Cookies erm\u00f6glichen es uns, die Funktionsweise unserer Website zu analysieren und Ihnen ein angenehmeres und pers\u00f6nlicheres Nutzererlebnis zu bieten - Speicherung Ihrer Pr\u00e4ferenzen, Erstellung von Statistiken, Analyse der Nutzung unserer Website und der Beliebtheit unserer Seiten usw. Diese Cookies sammeln anonymisierte Informationen.<\/li><li>Mithilfe von Analyse- und Leistungscookies werden Informationen dar\u00fcber gesammelt, wie Besucher unsere Website nutzen. Diese Cookies machen es m\u00f6glich, den Inhalt und die Leistung unserer Website zu bewerten und zu verbessern (aufgerufene Webseiten, Namen von Besuchern, Online-Verhalten usw.).<\/li><\/ul><p>Andere Informationen, die m\u00f6glicherweise gesammelt werden, werden nur von statistischen Tools wie z. B. Google Analytics erfasst, die streng anonymisiert statistische Berichte \u00fcber Besuche erstellen.<\/p><p>Die Speicherdauer von Cookies h\u00e4ngt von ihrer Art ab: Unbedingt erforderliche Cookies werden in der Regel bis zum Schlie\u00dfen des Browsers gespeichert, w\u00e4hrend funktionale Cookies ein Jahr und leistungsbezogene Cookies vier Jahre lang g\u00fcltig sind.<\/p><p>Bitte beachten Sie, dass auch Dritte (darunter z. B. Werbenetzwerke und externe Dienstleister wie Webanalysedienste) Cookies verwenden k\u00f6nnen, \u00fcber die wir keine Kontrolle haben. Bei diesen Cookies kann es sich um analytische\/leistungsbezogene Cookies oder Cookies f\u00fcr die Zielgruppenansprache handeln.<\/p><h2>VERWALTUNG VON COOKIES<\/h2><p>Die Verwendung von Cookies erfordert Ihre vorherige und ausdr\u00fcckliche Zustimmung. Sie k\u00f6nnen Ihre Zustimmung zur Verwendung von Cookies jedoch jederzeit widerrufen. Sie k\u00f6nnen Ihren Browser so einstellen, dass er Cookies (einschlie\u00dflich Cookies, die f\u00fcr die Messung von Besucherzahlen verwendet werden) grunds\u00e4tzlich ablehnt.<\/p><p>Bitte beachten Sie, dass Sie auch dann, wenn Sie \u00fcber Ihren Internetbrowser die Speicherung von Cookies auf Ihrem Endger\u00e4t ablehnen, weiterhin in der Lage sein werden, auf dieser Website zu surfen, aber einige Teile und Optionen k\u00f6nnten nicht richtig funktionieren.<\/p><p>Bitte lesen Sie auch unsere \"Datenschutzrichtlinie\", in der die Regeln festgelegt sind, die wir bei der Verarbeitung Ihrer personenbezogenen Daten, die wir m\u00f6glicherweise sammeln, befolgen.<\/p><h2>COOKIES DEAKTIVIEREN (OPT-OUT)<\/h2><p>Sie k\u00f6nnen die auf Ihrem Endger\u00e4t gespeicherten Cookies l\u00f6schen und Cookies blockieren, indem Sie Ihren Browser so einstellen, dass Sie die Einstellung aller oder einiger Cookies (einschlie\u00dflich der wesentlichen Cookies) ablehnen k\u00f6nnen. Wenn Sie Cookies deaktivieren, k\u00f6nnen Sie m\u00f6glicherweise nicht auf die gesamte oder einen Teil der Website von Urban Lodge zugreifen.<\/p><p>Um mehr zu erfahren, k\u00f6nnen Sie den unten aufgef\u00fchrten Links folgen:<\/p><ul><li><a href=\"https:\/\/windows.microsoft.com\/en-us\/windows-vista\/block-or-allow-cookies\" target=\"_blank\" rel=\"noopener\">Microsoft Internet Explorer<\/a><\/li><li><a href=\"https:\/\/support.google.com\/accounts\/answer\/61416?hl=en\" target=\"_blank\" rel=\"noopener\">Google Chrome<\/a><\/li><li><a href=\"https:\/\/support.apple.com\/kb\/PH5042\" target=\"_blank\" rel=\"noopener\">Safari<\/a><\/li><li><a href=\"https:\/\/support.mozilla.org\/en-US\/kb\/enable-and-disable-cookies-website-preferences\" target=\"_blank\" rel=\"noopener\">Firefox<\/a><\/li><\/ul><p><b><strong>Haben Sie Fragen zu unserer Cookie-Richtlinie?<\/strong><\/b><\/p><p>Wenn du Fragen zu den Cookie-Richtlinien von Urban Lodge hast, kannst du uns gerne kontaktieren, indem du uns eine E-Mail an <a href=\"mailto:info@urbanlodge.be\">info@urbanlodge.be<\/a> schickst.<\/p>\t\t\t\t\t\t<\/div>\n\t\t\t\t<\/div>\n\t\t\t\t\t<\/div>\n\t\t<\/div>\n\t\t\t\t\t<\/div>\n\t\t<\/section>\n\t\t\t\t<section class=\"elementor-section elementor-top-section elementor-element elementor-element-13348e22 elementor-section-full_width elementor-section-height-default elementor-section-height-default\" data-id=\"13348e22\" data-element_type=\"section\" data-settings=\"{&quot;background_background&quot;:&quot;classic&quot;}\">\n\t\t\t\t\t\t<div class=\"elementor-container elementor-column-gap-default\">\n\t\t\t\t\t<div class=\"elementor-column elementor-col-50 elementor-top-column elementor-element elementor-element-1ee6094 elementor-invisible\" data-id=\"1ee6094\" data-element_type=\"column\" data-settings=\"{&quot;animation&quot;:&quot;slideInLeft&quot;}\">\n\t\t\t<div class=\"elementor-widget-wrap elementor-element-populated\">\n\t\t\t\t\t\t<div class=\"elementor-element elementor-element-606e70a elementor-widget elementor-widget-spacer\" data-id=\"606e70a\" data-element_type=\"widget\" data-widget_type=\"spacer.default\">\n\t\t\t\t<div class=\"elementor-widget-container\">\n\t\t\t\t\t<div class=\"elementor-spacer\">\n\t\t\t<div class=\"elementor-spacer-inner\"><\/div>\n\t\t<\/div>\n\t\t\t\t<\/div>\n\t\t\t\t<\/div>\n\t\t\t\t<div class=\"elementor-element elementor-element-ed03dac elementor-widget elementor-widget-themo-call-to-action\" data-id=\"ed03dac\" data-element_type=\"widget\" data-widget_type=\"themo-call-to-action.default\">\n\t\t\t\t<div class=\"elementor-widget-container\">\n\t\t\t\t\t<div class=\"th-cta\">\n\t\t\t\t\t        <div class=\"th-cta-text\">\n\t\t            <span>Vous avez d'autres questions ?<\/span>\n\t\t        <\/div>\n\t\t    \n                        <div class=\"th-cta-btn\">\n\n                                    <a class=\"btn-1 btn th-btn btn-ghost-light\" href=\"#\" target=\"_blank\">\n                                                    Contactez-nous                                            <\/a>\n                \n                            <\/div>\n            \t\t<\/div>\n\t\t\t\t<\/div>\n\t\t\t\t<\/div>\n\t\t\t\t<div class=\"elementor-element elementor-element-eea60de elementor-widget elementor-widget-spacer\" data-id=\"eea60de\" data-element_type=\"widget\" data-widget_type=\"spacer.default\">\n\t\t\t\t<div class=\"elementor-widget-container\">\n\t\t\t\t\t<div class=\"elementor-spacer\">\n\t\t\t<div class=\"elementor-spacer-inner\"><\/div>\n\t\t<\/div>\n\t\t\t\t<\/div>\n\t\t\t\t<\/div>\n\t\t\t\t\t<\/div>\n\t\t<\/div>\n\t\t\t\t<div class=\"elementor-column elementor-col-50 elementor-top-column elementor-element elementor-element-80cff8f elementor-invisible\" data-id=\"80cff8f\" data-element_type=\"column\" data-settings=\"{&quot;background_background&quot;:&quot;classic&quot;,&quot;animation&quot;:&quot;slideInRight&quot;}\">\n\t\t\t<div class=\"elementor-widget-wrap elementor-element-populated\">\n\t\t\t\t\t\t<div class=\"elementor-element elementor-element-2c620d5b elementor-widget elementor-widget-spacer\" data-id=\"2c620d5b\" data-element_type=\"widget\" data-widget_type=\"spacer.default\">\n\t\t\t\t<div class=\"elementor-widget-container\">\n\t\t\t\t\t<div class=\"elementor-spacer\">\n\t\t\t<div class=\"elementor-spacer-inner\"><\/div>\n\t\t<\/div>\n\t\t\t\t<\/div>\n\t\t\t\t<\/div>\n\t\t\t\t<div class=\"elementor-element elementor-element-3a28f08 elementor-widget elementor-widget-themo-call-to-action\" data-id=\"3a28f08\" data-element_type=\"widget\" data-widget_type=\"themo-call-to-action.default\">\n\t\t\t\t<div class=\"elementor-widget-container\">\n\t\t\t\t\t<div class=\"th-cta\">\n\t\t\t\t\t        <div class=\"th-cta-text\">\n\t\t            <span>Vous souhaitez r\u00e9server un logement ?<\/span>\n\t\t        <\/div>\n\t\t    \n                        <div class=\"th-cta-btn\">\n\n                                    <a class=\"btn-1 btn th-btn btn-ghost-light\" href=\"#\" target=\"_blank\">\n                                                    R\u00e9server                                            <\/a>\n                \n                            <\/div>\n            \t\t<\/div>\n\t\t\t\t<\/div>\n\t\t\t\t<\/div>\n\t\t\t\t<div class=\"elementor-element elementor-element-640cec2b elementor-widget elementor-widget-spacer\" data-id=\"640cec2b\" data-element_type=\"widget\" data-widget_type=\"spacer.default\">\n\t\t\t\t<div class=\"elementor-widget-container\">\n\t\t\t\t\t<div class=\"elementor-spacer\">\n\t\t\t<div class=\"elementor-spacer-inner\"><\/div>\n\t\t<\/div>\n\t\t\t\t<\/div>\n\t\t\t\t<\/div>\n\t\t\t\t\t<\/div>\n\t\t<\/div>\n\t\t\t\t\t<\/div>\n\t\t<\/section>\n\t\t\t\t<\/div>\n\t\t","protected":false},"excerpt":{"rendered":"<p>POLITIK DER COOKIES Die Urban Lodge (\"wir\", \"uns\" oder \"unser\") verwendet Cookies, um Ihnen einen besseren und st\u00e4rker personalisierten Webservice bieten zu k\u00f6nnen. Mithilfe dieser Cookie-Richtlinie stellen wir Ihnen transparent dar, wie und warum wir Cookies auf dieser Seite verwenden. &hellip; <a href=\"https:\/\/urbanlodge.be\/de\/politik-der-cookies\/\">Read More<\/a><\/p>\n","protected":false},"author":7,"featured_media":0,"parent":0,"menu_order":4,"comment_status":"closed","ping_status":"closed","template":"","meta":{"footnotes":""},"class_list":["post-3055","page","type-page","status-publish","hentry"],"yoast_head":"<!-- This site is optimized with the Yoast SEO plugin v24.5 - https:\/\/yoast.com\/wordpress\/plugins\/seo\/ -->\n<title>Politik der Cookies - Urban Lodge<\/title>\n<meta name=\"robots\" content=\"index, follow, max-snippet:-1, max-image-preview:large, max-video-preview:-1\" \/>\n<link rel=\"canonical\" href=\"https:\/\/urbanlodge.be\/de\/politik-der-cookies\/\" \/>\n<meta property=\"og:locale\" content=\"de_DE\" \/>\n<meta property=\"og:type\" content=\"article\" \/>\n<meta property=\"og:title\" content=\"Politik der Cookies - Urban Lodge\" \/>\n<meta property=\"og:description\" content=\"POLITIK DER COOKIES Die Urban Lodge (&quot;wir&quot;, &quot;uns&quot; oder &quot;unser&quot;) verwendet Cookies, um Ihnen einen besseren und st\u00e4rker personalisierten Webservice bieten zu k\u00f6nnen. Mithilfe dieser Cookie-Richtlinie stellen wir Ihnen transparent dar, wie und warum wir Cookies auf dieser Seite verwenden. &hellip; Read More\" \/>\n<meta property=\"og:url\" content=\"https:\/\/urbanlodge.be\/de\/politik-der-cookies\/\" \/>\n<meta property=\"og:site_name\" content=\"Urban Lodge\" \/>\n<meta property=\"article:modified_time\" content=\"2024-03-21T08:01:59+00:00\" \/>\n<meta name=\"twitter:card\" content=\"summary_large_image\" \/>\n<meta name=\"twitter:label1\" content=\"Gesch\u00e4tzte Lesezeit\" \/>\n\t<meta name=\"twitter:data1\" content=\"5\u00a0Minuten\" \/>\n<script type=\"application\/ld+json\" class=\"yoast-schema-graph\">{\"@context\":\"https:\/\/schema.org\",\"@graph\":[{\"@type\":\"WebPage\",\"@id\":\"https:\/\/urbanlodge.be\/de\/politik-der-cookies\/\",\"url\":\"https:\/\/urbanlodge.be\/de\/politik-der-cookies\/\",\"name\":\"Politik der Cookies - Urban Lodge\",\"isPartOf\":{\"@id\":\"https:\/\/urbanlodge.be\/de\/#website\"},\"datePublished\":\"2020-10-21T06:43:12+00:00\",\"dateModified\":\"2024-03-21T08:01:59+00:00\",\"breadcrumb\":{\"@id\":\"https:\/\/urbanlodge.be\/de\/politik-der-cookies\/#breadcrumb\"},\"inLanguage\":\"de\",\"potentialAction\":[{\"@type\":\"ReadAction\",\"target\":[\"https:\/\/urbanlodge.be\/de\/politik-der-cookies\/\"]}]},{\"@type\":\"BreadcrumbList\",\"@id\":\"https:\/\/urbanlodge.be\/de\/politik-der-cookies\/#breadcrumb\",\"itemListElement\":[{\"@type\":\"ListItem\",\"position\":1,\"name\":\"Accueil\",\"item\":\"https:\/\/urbanlodge.be\/de\/\"},{\"@type\":\"ListItem\",\"position\":2,\"name\":\"Politik der Cookies\"}]},{\"@type\":\"WebSite\",\"@id\":\"https:\/\/urbanlodge.be\/de\/#website\",\"url\":\"https:\/\/urbanlodge.be\/de\/\",\"name\":\"Urban Lodge\",\"description\":\"R\u00e9sidence h\u00f4teli\u00e8re de luxe \u00e0 Chaudfontaine\",\"publisher\":{\"@id\":\"https:\/\/urbanlodge.be\/de\/#organization\"},\"potentialAction\":[{\"@type\":\"SearchAction\",\"target\":{\"@type\":\"EntryPoint\",\"urlTemplate\":\"https:\/\/urbanlodge.be\/de\/?s={search_term_string}\"},\"query-input\":{\"@type\":\"PropertyValueSpecification\",\"valueRequired\":true,\"valueName\":\"search_term_string\"}}],\"inLanguage\":\"de\"},{\"@type\":\"Organization\",\"@id\":\"https:\/\/urbanlodge.be\/de\/#organization\",\"name\":\"Urban Lodge\",\"url\":\"https:\/\/urbanlodge.be\/de\/\",\"logo\":{\"@type\":\"ImageObject\",\"inLanguage\":\"de\",\"@id\":\"https:\/\/urbanlodge.be\/de\/#\/schema\/logo\/image\/\",\"url\":\"http:\/\/urbanlodge.be\/wp-content\/uploads\/2022\/12\/cropped-favicon.jpg\",\"contentUrl\":\"http:\/\/urbanlodge.be\/wp-content\/uploads\/2022\/12\/cropped-favicon.jpg\",\"width\":512,\"height\":512,\"caption\":\"Urban Lodge\"},\"image\":{\"@id\":\"https:\/\/urbanlodge.be\/de\/#\/schema\/logo\/image\/\"}}]}<\/script>\n<!-- \/ Yoast SEO plugin. -->","yoast_head_json":{"title":"Politik der Cookies - Urban Lodge","robots":{"index":"index","follow":"follow","max-snippet":"max-snippet:-1","max-image-preview":"max-image-preview:large","max-video-preview":"max-video-preview:-1"},"canonical":"https:\/\/urbanlodge.be\/de\/politik-der-cookies\/","og_locale":"de_DE","og_type":"article","og_title":"Politik der Cookies - Urban Lodge","og_description":"POLITIK DER COOKIES Die Urban Lodge (\"wir\", \"uns\" oder \"unser\") verwendet Cookies, um Ihnen einen besseren und st\u00e4rker personalisierten Webservice bieten zu k\u00f6nnen. Mithilfe dieser Cookie-Richtlinie stellen wir Ihnen transparent dar, wie und warum wir Cookies auf dieser Seite verwenden. &hellip; Read More","og_url":"https:\/\/urbanlodge.be\/de\/politik-der-cookies\/","og_site_name":"Urban Lodge","article_modified_time":"2024-03-21T08:01:59+00:00","twitter_card":"summary_large_image","twitter_misc":{"Gesch\u00e4tzte Lesezeit":"5\u00a0Minuten"},"schema":{"@context":"https:\/\/schema.org","@graph":[{"@type":"WebPage","@id":"https:\/\/urbanlodge.be\/de\/politik-der-cookies\/","url":"https:\/\/urbanlodge.be\/de\/politik-der-cookies\/","name":"Politik der Cookies - Urban Lodge","isPartOf":{"@id":"https:\/\/urbanlodge.be\/de\/#website"},"datePublished":"2020-10-21T06:43:12+00:00","dateModified":"2024-03-21T08:01:59+00:00","breadcrumb":{"@id":"https:\/\/urbanlodge.be\/de\/politik-der-cookies\/#breadcrumb"},"inLanguage":"de","potentialAction":[{"@type":"ReadAction","target":["https:\/\/urbanlodge.be\/de\/politik-der-cookies\/"]}]},{"@type":"BreadcrumbList","@id":"https:\/\/urbanlodge.be\/de\/politik-der-cookies\/#breadcrumb","itemListElement":[{"@type":"ListItem","position":1,"name":"Accueil","item":"https:\/\/urbanlodge.be\/de\/"},{"@type":"ListItem","position":2,"name":"Politik der Cookies"}]},{"@type":"WebSite","@id":"https:\/\/urbanlodge.be\/de\/#website","url":"https:\/\/urbanlodge.be\/de\/","name":"Urban Lodge","description":"R\u00e9sidence h\u00f4teli\u00e8re de luxe \u00e0 Chaudfontaine","publisher":{"@id":"https:\/\/urbanlodge.be\/de\/#organization"},"potentialAction":[{"@type":"SearchAction","target":{"@type":"EntryPoint","urlTemplate":"https:\/\/urbanlodge.be\/de\/?s={search_term_string}"},"query-input":{"@type":"PropertyValueSpecification","valueRequired":true,"valueName":"search_term_string"}}],"inLanguage":"de"},{"@type":"Organization","@id":"https:\/\/urbanlodge.be\/de\/#organization","name":"Urban Lodge","url":"https:\/\/urbanlodge.be\/de\/","logo":{"@type":"ImageObject","inLanguage":"de","@id":"https:\/\/urbanlodge.be\/de\/#\/schema\/logo\/image\/","url":"http:\/\/urbanlodge.be\/wp-content\/uploads\/2022\/12\/cropped-favicon.jpg","contentUrl":"http:\/\/urbanlodge.be\/wp-content\/uploads\/2022\/12\/cropped-favicon.jpg","width":512,"height":512,"caption":"Urban Lodge"},"image":{"@id":"https:\/\/urbanlodge.be\/de\/#\/schema\/logo\/image\/"}}]}},"_links":{"self":[{"href":"https:\/\/urbanlodge.be\/de\/wp-json\/wp\/v2\/pages\/3055","targetHints":{"allow":["GET"]}}],"collection":[{"href":"https:\/\/urbanlodge.be\/de\/wp-json\/wp\/v2\/pages"}],"about":[{"href":"https:\/\/urbanlodge.be\/de\/wp-json\/wp\/v2\/types\/page"}],"author":[{"embeddable":true,"href":"https:\/\/urbanlodge.be\/de\/wp-json\/wp\/v2\/users\/7"}],"replies":[{"embeddable":true,"href":"https:\/\/urbanlodge.be\/de\/wp-json\/wp\/v2\/comments?post=3055"}],"version-history":[{"count":5,"href":"https:\/\/urbanlodge.be\/de\/wp-json\/wp\/v2\/pages\/3055\/revisions"}],"predecessor-version":[{"id":3063,"href":"https:\/\/urbanlodge.be\/de\/wp-json\/wp\/v2\/pages\/3055\/revisions\/3063"}],"wp:attachment":[{"href":"https:\/\/urbanlodge.be\/de\/wp-json\/wp\/v2\/media?parent=3055"}],"curies":[{"name":"wp","href":"https:\/\/api.w.org\/{rel}","templated":true}]}}