{"id":2999,"date":"2022-10-05T16:09:12","date_gmt":"2022-10-05T14:09:12","guid":{"rendered":"http:\/\/urbanlodge.be\/?page_id=2999"},"modified":"2024-03-20T13:28:54","modified_gmt":"2024-03-20T12:28:54","slug":"my-account","status":"publish","type":"page","link":"https:\/\/urbanlodge.be\/en\/my-account\/","title":{"rendered":"My account"},"content":{"rendered":"\t\t<div class=\"mphb_sc_account\">\n\t\t\t\t\t\t<div class=\"mphb-account-content\">\n\t\t\t\t\t\t\t\t\t\t\t\t\t\t\t<div class=\"mphb-login-form\">\n\t\t\t\t<form name=\"loginform\" id=\"loginform\" action=\"https:\/\/urbanlodge.be\/wp-login.php\" method=\"post\"><p class=\"login-username\">\n\t\t\t\t<label for=\"user_login\">Username or Email Address<\/label>\n\t\t\t\t<input type=\"text\" name=\"log\" id=\"user_login\" autocomplete=\"username\" class=\"input\" value=\"\" size=\"20\" \/>\n\t\t\t<\/p><p class=\"login-password\">\n\t\t\t\t<label for=\"user_pass\">Password<\/label>\n\t\t\t\t<input type=\"password\" name=\"pwd\" id=\"user_pass\" autocomplete=\"current-password\" spellcheck=\"false\" class=\"input\" value=\"\" size=\"20\" \/>\n\t\t\t<\/p><p class=\"login-remember\"><label><input name=\"rememberme\" type=\"checkbox\" id=\"rememberme\" value=\"forever\" \/> Remember Me<\/label><\/p><p class=\"login-submit\">\n\t\t\t\t<input type=\"submit\" name=\"wp-submit\" id=\"wp-submit\" class=\"button button-primary\" value=\"Log In\" \/>\n\t\t\t\t<input type=\"hidden\" name=\"redirect_to\" value=\"https:\/\/urbanlodge.be\/en\/wp-json\/wp\/v2\/pages\/2999\" \/>\n\t\t\t<\/p><\/form>\t\t\t\t<a href=\"https:\/\/urbanlodge.be\/mon-compte-2\/lost-password\/\">Lost your password?<\/a>\n\t\t\t<\/div>\n\t\t\t\t\t\t\t\t\t\t<\/div>\n\t\t<\/div>\n\t\t","protected":false},"excerpt":{"rendered":"","protected":false},"author":7,"featured_media":0,"parent":0,"menu_order":0,"comment_status":"closed","ping_status":"closed","template":"","meta":{"footnotes":""},"class_list":["post-2999","page","type-page","status-publish","hentry"],"yoast_head":"<!-- This site is optimized with the Yoast SEO plugin v24.5 - https:\/\/yoast.com\/wordpress\/plugins\/seo\/ -->\n<title>My account - Urban Lodge<\/title>\n<meta name=\"robots\" content=\"index, follow, max-snippet:-1, max-image-preview:large, max-video-preview:-1\" \/>\n<link rel=\"canonical\" href=\"https:\/\/urbanlodge.be\/en\/my-account\/\" \/>\n<meta property=\"og:locale\" content=\"en_US\" \/>\n<meta property=\"og:type\" content=\"article\" \/>\n<meta property=\"og:title\" content=\"My account - Urban Lodge\" \/>\n<meta property=\"og:url\" content=\"https:\/\/urbanlodge.be\/en\/my-account\/\" \/>\n<meta property=\"og:site_name\" content=\"Urban Lodge\" \/>\n<meta property=\"article:modified_time\" content=\"2024-03-20T12:28:54+00:00\" \/>\n<meta name=\"twitter:card\" content=\"summary_large_image\" \/>\n<meta name=\"twitter:label1\" content=\"Est. reading time\" \/>\n\t<meta name=\"twitter:data1\" content=\"1 minute\" \/>\n<script type=\"application\/ld+json\" class=\"yoast-schema-graph\">{\"@context\":\"https:\/\/schema.org\",\"@graph\":[{\"@type\":\"WebPage\",\"@id\":\"https:\/\/urbanlodge.be\/en\/my-account\/\",\"url\":\"https:\/\/urbanlodge.be\/en\/my-account\/\",\"name\":\"My account - Urban Lodge\",\"isPartOf\":{\"@id\":\"https:\/\/urbanlodge.be\/en\/#website\"},\"datePublished\":\"2022-10-05T14:09:12+00:00\",\"dateModified\":\"2024-03-20T12:28:54+00:00\",\"breadcrumb\":{\"@id\":\"https:\/\/urbanlodge.be\/en\/my-account\/#breadcrumb\"},\"inLanguage\":\"en-US\",\"potentialAction\":[{\"@type\":\"ReadAction\",\"target\":[\"https:\/\/urbanlodge.be\/en\/my-account\/\"]}]},{\"@type\":\"BreadcrumbList\",\"@id\":\"https:\/\/urbanlodge.be\/en\/my-account\/#breadcrumb\",\"itemListElement\":[{\"@type\":\"ListItem\",\"position\":1,\"name\":\"Accueil\",\"item\":\"https:\/\/urbanlodge.be\/en\/\"},{\"@type\":\"ListItem\",\"position\":2,\"name\":\"My account\"}]},{\"@type\":\"WebSite\",\"@id\":\"https:\/\/urbanlodge.be\/en\/#website\",\"url\":\"https:\/\/urbanlodge.be\/en\/\",\"name\":\"Urban Lodge\",\"description\":\"R\u00e9sidence h\u00f4teli\u00e8re de luxe \u00e0 Chaudfontaine\",\"publisher\":{\"@id\":\"https:\/\/urbanlodge.be\/en\/#organization\"},\"potentialAction\":[{\"@type\":\"SearchAction\",\"target\":{\"@type\":\"EntryPoint\",\"urlTemplate\":\"https:\/\/urbanlodge.be\/en\/?s={search_term_string}\"},\"query-input\":{\"@type\":\"PropertyValueSpecification\",\"valueRequired\":true,\"valueName\":\"search_term_string\"}}],\"inLanguage\":\"en-US\"},{\"@type\":\"Organization\",\"@id\":\"https:\/\/urbanlodge.be\/en\/#organization\",\"name\":\"Urban Lodge\",\"url\":\"https:\/\/urbanlodge.be\/en\/\",\"logo\":{\"@type\":\"ImageObject\",\"inLanguage\":\"en-US\",\"@id\":\"https:\/\/urbanlodge.be\/en\/#\/schema\/logo\/image\/\",\"url\":\"http:\/\/urbanlodge.be\/wp-content\/uploads\/2022\/12\/cropped-favicon.jpg\",\"contentUrl\":\"http:\/\/urbanlodge.be\/wp-content\/uploads\/2022\/12\/cropped-favicon.jpg\",\"width\":512,\"height\":512,\"caption\":\"Urban Lodge\"},\"image\":{\"@id\":\"https:\/\/urbanlodge.be\/en\/#\/schema\/logo\/image\/\"}}]}<\/script>\n<!-- \/ Yoast SEO plugin. -->","yoast_head_json":{"title":"My account - Urban Lodge","robots":{"index":"index","follow":"follow","max-snippet":"max-snippet:-1","max-image-preview":"max-image-preview:large","max-video-preview":"max-video-preview:-1"},"canonical":"https:\/\/urbanlodge.be\/en\/my-account\/","og_locale":"en_US","og_type":"article","og_title":"My account - Urban Lodge","og_url":"https:\/\/urbanlodge.be\/en\/my-account\/","og_site_name":"Urban Lodge","article_modified_time":"2024-03-20T12:28:54+00:00","twitter_card":"summary_large_image","twitter_misc":{"Est. reading time":"1 minute"},"schema":{"@context":"https:\/\/schema.org","@graph":[{"@type":"WebPage","@id":"https:\/\/urbanlodge.be\/en\/my-account\/","url":"https:\/\/urbanlodge.be\/en\/my-account\/","name":"My account - Urban Lodge","isPartOf":{"@id":"https:\/\/urbanlodge.be\/en\/#website"},"datePublished":"2022-10-05T14:09:12+00:00","dateModified":"2024-03-20T12:28:54+00:00","breadcrumb":{"@id":"https:\/\/urbanlodge.be\/en\/my-account\/#breadcrumb"},"inLanguage":"en-US","potentialAction":[{"@type":"ReadAction","target":["https:\/\/urbanlodge.be\/en\/my-account\/"]}]},{"@type":"BreadcrumbList","@id":"https:\/\/urbanlodge.be\/en\/my-account\/#breadcrumb","itemListElement":[{"@type":"ListItem","position":1,"name":"Accueil","item":"https:\/\/urbanlodge.be\/en\/"},{"@type":"ListItem","position":2,"name":"My account"}]},{"@type":"WebSite","@id":"https:\/\/urbanlodge.be\/en\/#website","url":"https:\/\/urbanlodge.be\/en\/","name":"Urban Lodge","description":"R\u00e9sidence h\u00f4teli\u00e8re de luxe \u00e0 Chaudfontaine","publisher":{"@id":"https:\/\/urbanlodge.be\/en\/#organization"},"potentialAction":[{"@type":"SearchAction","target":{"@type":"EntryPoint","urlTemplate":"https:\/\/urbanlodge.be\/en\/?s={search_term_string}"},"query-input":{"@type":"PropertyValueSpecification","valueRequired":true,"valueName":"search_term_string"}}],"inLanguage":"en-US"},{"@type":"Organization","@id":"https:\/\/urbanlodge.be\/en\/#organization","name":"Urban Lodge","url":"https:\/\/urbanlodge.be\/en\/","logo":{"@type":"ImageObject","inLanguage":"en-US","@id":"https:\/\/urbanlodge.be\/en\/#\/schema\/logo\/image\/","url":"http:\/\/urbanlodge.be\/wp-content\/uploads\/2022\/12\/cropped-favicon.jpg","contentUrl":"http:\/\/urbanlodge.be\/wp-content\/uploads\/2022\/12\/cropped-favicon.jpg","width":512,"height":512,"caption":"Urban Lodge"},"image":{"@id":"https:\/\/urbanlodge.be\/en\/#\/schema\/logo\/image\/"}}]}},"_links":{"self":[{"href":"https:\/\/urbanlodge.be\/en\/wp-json\/wp\/v2\/pages\/2999","targetHints":{"allow":["GET"]}}],"collection":[{"href":"https:\/\/urbanlodge.be\/en\/wp-json\/wp\/v2\/pages"}],"about":[{"href":"https:\/\/urbanlodge.be\/en\/wp-json\/wp\/v2\/types\/page"}],"author":[{"embeddable":true,"href":"https:\/\/urbanlodge.be\/en\/wp-json\/wp\/v2\/users\/7"}],"replies":[{"embeddable":true,"href":"https:\/\/urbanlodge.be\/en\/wp-json\/wp\/v2\/comments?post=2999"}],"version-history":[{"count":1,"href":"https:\/\/urbanlodge.be\/en\/wp-json\/wp\/v2\/pages\/2999\/revisions"}],"predecessor-version":[{"id":3000,"href":"https:\/\/urbanlodge.be\/en\/wp-json\/wp\/v2\/pages\/2999\/revisions\/3000"}],"wp:attachment":[{"href":"https:\/\/urbanlodge.be\/en\/wp-json\/wp\/v2\/media?parent=2999"}],"curies":[{"name":"wp","href":"https:\/\/api.w.org\/{rel}","templated":true}]}}