{"id":2753,"date":"2021-01-14T09:16:14","date_gmt":"2021-01-14T08:16:14","guid":{"rendered":"http:\/\/urbanlodge.be\/?page_id=2753"},"modified":"2024-03-19T15:22:17","modified_gmt":"2024-03-19T14:22:17","slug":"reservering-en-beschikbaarheid","status":"publish","type":"page","link":"https:\/\/urbanlodge.be\/nl\/reservering-en-beschikbaarheid\/","title":{"rendered":"Reservering en beschikbaarheid"},"content":{"rendered":"\n<div class=\"wrap plugin-container\">\n\n\t\n\t\n\t\t<div class=\"vbo-js-helpers\" style=\"display: none;\">\n\t\t<div class=\"vbo-add-element-html\">\n\t\t\t<div class=\"vbo-search-num-aduchild-entry\">\n\t\t\t\t<span class=\"vbo-search-roomnum\">Room %d<\/span>\n\t\t\t\t<div class=\"vbo-search-num-adults-entry\">\n\t\t\t\t\t<label class=\"vbo-search-num-adults-entry-label\">Adults<\/label>\n\t\t\t\t\t<span class=\"vbo-search-num-adults-entry-inp\"><select name=\"adults[]\"><option value=\"1\">1<\/option><option value=\"2\">2<\/option><option value=\"3\">3<\/option><option value=\"4\">4<\/option><\/select><\/span>\n\t\t\t\t<\/div>\n\t\t\t\t\t\t<\/div>\n\t\t<\/div>\n\t<\/div>\n\n\t<script type=\"text\/javascript\">\n\tfunction vbAddElement() {\n\t\tvar ni = document.getElementById('vbo-search-num-aduchild-block');\n\t\tvar numi = document.getElementById('vbroomhelper');\n\t\tvar num = (document.getElementById('vbroomhelper').value -1)+ 2;\n\t\tnumi.value = num;\n\t\tvar newdiv = document.createElement('div');\n\t\tvar divIdName = 'vb'+num+'racont';\n\t\tnewdiv.setAttribute('id', divIdName);\n\t\tvar new_element_html = document.getElementsByClassName('vbo-add-element-html')[0].innerHTML;\n\t\tvar rp_rgx = new RegExp('%d', 'g');\n\t\tnewdiv.innerHTML = new_element_html.replace(rp_rgx, num);\n\t\tni.appendChild(newdiv);\n\t}\n\tfunction vbSetRoomsAdults(totrooms) {\n\t\tvar actrooms = parseInt(document.getElementById('vbroomhelper').value);\n\t\tvar torooms = parseInt(totrooms);\n\t\tvar difrooms;\n\t\tif(torooms > actrooms) {\n\t\t\tdifrooms = torooms - actrooms;\n\t\t\tfor(var ir = 1; ir <= difrooms; ir++) {\n\t\t\t\tvbAddElement();\n\t\t\t}\n\t\t}\n\t\tif(torooms < actrooms) {\n\t\t\tfor(var ir = actrooms; ir > torooms; ir--) {\n\t\t\t\tif(ir > 1) {\n\t\t\t\t\tvar rmra = document.getElementById('vb' + ir + 'racont');\n\t\t\t\t\trmra.parentNode.removeChild(rmra);\n\t\t\t\t}\n\t\t\t}\n\t\t\tdocument.getElementById('vbroomhelper').value = torooms;\n\t\t}\n\t}\n\tfunction vbCalcNights() {\n\t\tvar vbcheckin = document.getElementById('checkindate').value;\n\t\tvar vbcheckout = document.getElementById('checkoutdate').value;\n\t\tif (vbcheckin.length > 0 && vbcheckout.length > 0) {\n\t\t\tvar vbcheckinp = vbcheckin.split(\"\/\");\n\t\t\tvar vbcheckoutp = vbcheckout.split(\"\/\");\n\t\t\t\t\tvar vbinmonth = parseInt(vbcheckinp[1]);\n\t\t\tvbinmonth = vbinmonth - 1;\n\t\t\tvar vbinday = parseInt(vbcheckinp[0], 10);\n\t\t\tvar vbcheckind = new Date(vbcheckinp[2], vbinmonth, vbinday);\n\t\t\tvar vboutmonth = parseInt(vbcheckoutp[1]);\n\t\t\tvboutmonth = vboutmonth - 1;\n\t\t\tvar vboutday = parseInt(vbcheckoutp[0], 10);\n\t\t\tvar vbcheckoutd = new Date(vbcheckoutp[2], vboutmonth, vboutday);\n\t\t\t\t\t\tvar vbdivider = 1000 * 60 * 60 * 24;\n\t\t\tvar vbints = vbcheckind.getTime();\n\t\t\tvar vboutts = vbcheckoutd.getTime();\n\t\t\tif(vboutts > vbints) {\n\t\t\t\t\/\/var vbnights = Math.ceil((vboutts - vbints) \/ (vbdivider));\n\t\t\t\tvar utc1 = Date.UTC(vbcheckind.getFullYear(), vbcheckind.getMonth(), vbcheckind.getDate());\n\t\t\t\tvar utc2 = Date.UTC(vbcheckoutd.getFullYear(), vbcheckoutd.getMonth(), vbcheckoutd.getDate());\n\t\t\t\tvar vbnights = Math.ceil((utc2 - utc1) \/ vbdivider);\n\t\t\t\tif(vbnights > 0) {\n\t\t\t\t\tdocument.getElementById('vbjstotnights').innerHTML = 'Nights: '+vbnights;\n\t\t\t\t} else {\n\t\t\t\t\tdocument.getElementById('vbjstotnights').innerHTML = '';\n\t\t\t\t}\n\t\t\t} else {\n\t\t\t\tdocument.getElementById('vbjstotnights').innerHTML = '';\n\t\t\t}\n\t\t} else {\n\t\t\tdocument.getElementById('vbjstotnights').innerHTML = '';\n\t\t}\n\t}\n\t<\/script>\n\t<input type=\"hidden\" id=\"vbroomhelper\" value=\"1\"\/>\n\t\t<div class=\"vbo-intro-main\"><\/div>\n\t<div class=\"vbdivsearch vbo-search-mainview\"><form action=\"https:\/\/urbanlodge.be\/nl\/reservering-en-beschikbaarheid\/?option=com_vikbooking\" method=\"post\"><div class=\"vb-search-inner\">\n<input type=\"hidden\" name=\"option\" value=\"com_vikbooking\"\/>\n<input type=\"hidden\" name=\"task\" value=\"search\"\/>\n<div class=\"vbo-search-inpblock vbo-search-inpblock-checkin\"><label for=\"checkindate\">Check-in date<\/label><div class=\"input-group\"><input type=\"text\" name=\"checkindate\" id=\"checkindate\" size=\"10\" autocomplete=\"off\" onfocus=\"this.blur();\" readonly\/><i class=\"far fa-calendar-alt vbo-caltrigger\"><\/i><\/div><input type=\"hidden\" name=\"checkinh\" value=\"15\"\/><input type=\"hidden\" name=\"checkinm\" value=\"0\"\/><\/div>\n<div class=\"vbo-search-inpblock vbo-search-inpblock-checkout\"><label for=\"checkoutdate\">Check-out date<\/label><div class=\"input-group\"><input type=\"text\" name=\"checkoutdate\" id=\"checkoutdate\" size=\"10\" autocomplete=\"off\" onfocus=\"this.blur();\" readonly\/><i class=\"far fa-calendar-alt vbo-caltrigger\"><\/i><\/div><input type=\"hidden\" name=\"checkouth\" value=\"11\"\/><input type=\"hidden\" name=\"checkoutm\" value=\"0\"\/><\/div>\n<div class=\"vbo-search-num-racblock\">\n\t<div class=\"vbo-search-num-rooms\"><label for=\"vbo-roomsnum\">Rooms<\/label><select id=\"vbo-roomsnum\" name=\"roomsnum\" onchange=\"vbSetRoomsAdults(this.value);\">\n<option value=\"1\">1<\/option>\n<option value=\"2\">2<\/option>\n<option value=\"3\">3<\/option>\n<option value=\"4\">4<\/option>\n<option value=\"5\">5<\/option>\n<option value=\"6\">6<\/option>\n<option value=\"7\">7<\/option>\n<option value=\"8\">8<\/option>\n<option value=\"9\">9<\/option>\n<option value=\"10\">10<\/option>\n<option value=\"11\">11<\/option>\n<option value=\"12\">12<\/option>\n<option value=\"13\">13<\/option>\n<option value=\"14\">14<\/option>\n<option value=\"15\">15<\/option>\n<\/select>\n<\/div>\n\t<div class=\"vbo-search-num-aduchild-block\" id=\"vbo-search-num-aduchild-block\">\n\t\t<div class=\"vbo-search-num-aduchild-entry\"><span class=\"vbo-search-roomnum\">Room 1<\/span>\n\t\t\t<div class=\"vbo-search-num-adults-entry\"><label class=\"vbo-search-num-adults-entry-label\">Adults<\/label><span class=\"vbo-search-num-adults-entry-inp\"><select name=\"adults[]\"><option value=\"1\">1<\/option><option value=\"2\">2<\/option><option value=\"3\">3<\/option><option value=\"4\">4<\/option><\/select><\/span><\/div>\n\t\t<\/div>\n\t<\/div>\n\t<div id=\"vbjstotnights\"><\/div>\n<\/div>\n<div class=\"vbo-search-submit\"><button type=\"submit\" class=\"btn vbo-pref-color-btn\">Search<\/button><\/div>\n<\/div>\n<\/form><\/div>\t<div class=\"vbo-closing-main\"><\/div>\n\n\t<script type=\"text\/javascript\">\n\tjQuery(function() {\n\t\tjQuery('.vbo-search-submit').find('button[type=\"submit\"]').on('click', function(e) {\n\t\t\te.preventDefault();\n\t\t\tjQuery(this).prop('disabled', true);\n\t\t\tjQuery(this).html('<i class=\"fas fa-circle-notch fa-spin fa-fw\"><\/i> ' + jQuery(this).text());\n\t\t\tjQuery(this).closest('form').submit();\n\t\t});\n\t});\n\t<\/script>\n\n\t\n<\/div>\n","protected":false},"excerpt":{"rendered":"","protected":false},"author":7,"featured_media":0,"parent":0,"menu_order":0,"comment_status":"closed","ping_status":"closed","template":"","meta":{"footnotes":""},"class_list":["post-2753","page","type-page","status-publish","hentry"],"yoast_head":"<!-- This site is optimized with the Yoast SEO plugin v24.5 - https:\/\/yoast.com\/wordpress\/plugins\/seo\/ -->\n<title>Reservering en beschikbaarheid - Urban Lodge<\/title>\n<meta name=\"robots\" content=\"index, follow, max-snippet:-1, max-image-preview:large, max-video-preview:-1\" \/>\n<link rel=\"canonical\" href=\"https:\/\/urbanlodge.be\/nl\/reservering-en-beschikbaarheid\/\" \/>\n<meta property=\"og:locale\" content=\"nl_NL\" \/>\n<meta property=\"og:type\" content=\"article\" \/>\n<meta property=\"og:title\" content=\"Reservering en beschikbaarheid - Urban Lodge\" \/>\n<meta property=\"og:url\" content=\"https:\/\/urbanlodge.be\/nl\/reservering-en-beschikbaarheid\/\" \/>\n<meta property=\"og:site_name\" content=\"Urban Lodge\" \/>\n<meta property=\"article:modified_time\" content=\"2024-03-19T14:22:17+00:00\" \/>\n<meta name=\"twitter:card\" content=\"summary_large_image\" \/>\n<meta name=\"twitter:label1\" content=\"Geschatte leestijd\" \/>\n\t<meta name=\"twitter:data1\" content=\"1 minuut\" \/>\n<script type=\"application\/ld+json\" class=\"yoast-schema-graph\">{\"@context\":\"https:\/\/schema.org\",\"@graph\":[{\"@type\":\"WebPage\",\"@id\":\"https:\/\/urbanlodge.be\/nl\/reservering-en-beschikbaarheid\/\",\"url\":\"https:\/\/urbanlodge.be\/nl\/reservering-en-beschikbaarheid\/\",\"name\":\"Reservering en beschikbaarheid - Urban Lodge\",\"isPartOf\":{\"@id\":\"https:\/\/urbanlodge.be\/nl\/#website\"},\"datePublished\":\"2021-01-14T08:16:14+00:00\",\"dateModified\":\"2024-03-19T14:22:17+00:00\",\"breadcrumb\":{\"@id\":\"https:\/\/urbanlodge.be\/nl\/reservering-en-beschikbaarheid\/#breadcrumb\"},\"inLanguage\":\"nl-NL\",\"potentialAction\":[{\"@type\":\"ReadAction\",\"target\":[\"https:\/\/urbanlodge.be\/nl\/reservering-en-beschikbaarheid\/\"]}]},{\"@type\":\"BreadcrumbList\",\"@id\":\"https:\/\/urbanlodge.be\/nl\/reservering-en-beschikbaarheid\/#breadcrumb\",\"itemListElement\":[{\"@type\":\"ListItem\",\"position\":1,\"name\":\"Accueil\",\"item\":\"https:\/\/urbanlodge.be\/nl\/\"},{\"@type\":\"ListItem\",\"position\":2,\"name\":\"Reservering en beschikbaarheid\"}]},{\"@type\":\"WebSite\",\"@id\":\"https:\/\/urbanlodge.be\/nl\/#website\",\"url\":\"https:\/\/urbanlodge.be\/nl\/\",\"name\":\"Urban Lodge\",\"description\":\"R\u00e9sidence h\u00f4teli\u00e8re de luxe \u00e0 Chaudfontaine\",\"publisher\":{\"@id\":\"https:\/\/urbanlodge.be\/nl\/#organization\"},\"potentialAction\":[{\"@type\":\"SearchAction\",\"target\":{\"@type\":\"EntryPoint\",\"urlTemplate\":\"https:\/\/urbanlodge.be\/nl\/?s={search_term_string}\"},\"query-input\":{\"@type\":\"PropertyValueSpecification\",\"valueRequired\":true,\"valueName\":\"search_term_string\"}}],\"inLanguage\":\"nl-NL\"},{\"@type\":\"Organization\",\"@id\":\"https:\/\/urbanlodge.be\/nl\/#organization\",\"name\":\"Urban Lodge\",\"url\":\"https:\/\/urbanlodge.be\/nl\/\",\"logo\":{\"@type\":\"ImageObject\",\"inLanguage\":\"nl-NL\",\"@id\":\"https:\/\/urbanlodge.be\/nl\/#\/schema\/logo\/image\/\",\"url\":\"http:\/\/urbanlodge.be\/wp-content\/uploads\/2022\/12\/cropped-favicon.jpg\",\"contentUrl\":\"http:\/\/urbanlodge.be\/wp-content\/uploads\/2022\/12\/cropped-favicon.jpg\",\"width\":512,\"height\":512,\"caption\":\"Urban Lodge\"},\"image\":{\"@id\":\"https:\/\/urbanlodge.be\/nl\/#\/schema\/logo\/image\/\"}}]}<\/script>\n<!-- \/ Yoast SEO plugin. -->","yoast_head_json":{"title":"Reservering en beschikbaarheid - Urban Lodge","robots":{"index":"index","follow":"follow","max-snippet":"max-snippet:-1","max-image-preview":"max-image-preview:large","max-video-preview":"max-video-preview:-1"},"canonical":"https:\/\/urbanlodge.be\/nl\/reservering-en-beschikbaarheid\/","og_locale":"nl_NL","og_type":"article","og_title":"Reservering en beschikbaarheid - Urban Lodge","og_url":"https:\/\/urbanlodge.be\/nl\/reservering-en-beschikbaarheid\/","og_site_name":"Urban Lodge","article_modified_time":"2024-03-19T14:22:17+00:00","twitter_card":"summary_large_image","twitter_misc":{"Geschatte leestijd":"1 minuut"},"schema":{"@context":"https:\/\/schema.org","@graph":[{"@type":"WebPage","@id":"https:\/\/urbanlodge.be\/nl\/reservering-en-beschikbaarheid\/","url":"https:\/\/urbanlodge.be\/nl\/reservering-en-beschikbaarheid\/","name":"Reservering en beschikbaarheid - Urban Lodge","isPartOf":{"@id":"https:\/\/urbanlodge.be\/nl\/#website"},"datePublished":"2021-01-14T08:16:14+00:00","dateModified":"2024-03-19T14:22:17+00:00","breadcrumb":{"@id":"https:\/\/urbanlodge.be\/nl\/reservering-en-beschikbaarheid\/#breadcrumb"},"inLanguage":"nl-NL","potentialAction":[{"@type":"ReadAction","target":["https:\/\/urbanlodge.be\/nl\/reservering-en-beschikbaarheid\/"]}]},{"@type":"BreadcrumbList","@id":"https:\/\/urbanlodge.be\/nl\/reservering-en-beschikbaarheid\/#breadcrumb","itemListElement":[{"@type":"ListItem","position":1,"name":"Accueil","item":"https:\/\/urbanlodge.be\/nl\/"},{"@type":"ListItem","position":2,"name":"Reservering en beschikbaarheid"}]},{"@type":"WebSite","@id":"https:\/\/urbanlodge.be\/nl\/#website","url":"https:\/\/urbanlodge.be\/nl\/","name":"Urban Lodge","description":"R\u00e9sidence h\u00f4teli\u00e8re de luxe \u00e0 Chaudfontaine","publisher":{"@id":"https:\/\/urbanlodge.be\/nl\/#organization"},"potentialAction":[{"@type":"SearchAction","target":{"@type":"EntryPoint","urlTemplate":"https:\/\/urbanlodge.be\/nl\/?s={search_term_string}"},"query-input":{"@type":"PropertyValueSpecification","valueRequired":true,"valueName":"search_term_string"}}],"inLanguage":"nl-NL"},{"@type":"Organization","@id":"https:\/\/urbanlodge.be\/nl\/#organization","name":"Urban Lodge","url":"https:\/\/urbanlodge.be\/nl\/","logo":{"@type":"ImageObject","inLanguage":"nl-NL","@id":"https:\/\/urbanlodge.be\/nl\/#\/schema\/logo\/image\/","url":"http:\/\/urbanlodge.be\/wp-content\/uploads\/2022\/12\/cropped-favicon.jpg","contentUrl":"http:\/\/urbanlodge.be\/wp-content\/uploads\/2022\/12\/cropped-favicon.jpg","width":512,"height":512,"caption":"Urban Lodge"},"image":{"@id":"https:\/\/urbanlodge.be\/nl\/#\/schema\/logo\/image\/"}}]}},"_links":{"self":[{"href":"https:\/\/urbanlodge.be\/nl\/wp-json\/wp\/v2\/pages\/2753","targetHints":{"allow":["GET"]}}],"collection":[{"href":"https:\/\/urbanlodge.be\/nl\/wp-json\/wp\/v2\/pages"}],"about":[{"href":"https:\/\/urbanlodge.be\/nl\/wp-json\/wp\/v2\/types\/page"}],"author":[{"embeddable":true,"href":"https:\/\/urbanlodge.be\/nl\/wp-json\/wp\/v2\/users\/7"}],"replies":[{"embeddable":true,"href":"https:\/\/urbanlodge.be\/nl\/wp-json\/wp\/v2\/comments?post=2753"}],"version-history":[{"count":1,"href":"https:\/\/urbanlodge.be\/nl\/wp-json\/wp\/v2\/pages\/2753\/revisions"}],"predecessor-version":[{"id":2754,"href":"https:\/\/urbanlodge.be\/nl\/wp-json\/wp\/v2\/pages\/2753\/revisions\/2754"}],"wp:attachment":[{"href":"https:\/\/urbanlodge.be\/nl\/wp-json\/wp\/v2\/media?parent=2753"}],"curies":[{"name":"wp","href":"https:\/\/api.w.org\/{rel}","templated":true}]}}