{"id":2983,"date":"2021-01-18T11:22:45","date_gmt":"2021-01-18T10:22:45","guid":{"rendered":"http:\/\/urbanlodge.be\/?page_id=2983"},"modified":"2024-03-20T12:35:30","modified_gmt":"2024-03-20T11:35:30","slug":"lijst-met-reserveringen","status":"publish","type":"page","link":"https:\/\/urbanlodge.be\/nl\/lijst-met-reserveringen\/","title":{"rendered":"Lijst met reserveringen"},"content":{"rendered":"\n<div class=\"wrap plugin-container\">\n\n\t\n\t\n\t\r\n<form action=\"https:\/\/urbanlodge.be\/de\/liste-der-buchungen\/\" method=\"post\">\r\n\t<div class=\"vbsearchorderdiv\">\r\n\t\t<div class=\"vbsearchorderinner\">\r\n\t\t\t<span class=\"vbsearchordertitle\">Search Bookings<\/span>\r\n\t\t<\/div>\r\n\t\t<div class=\"vbo-bookings-list-search\">\r\n\t\t\t<span>Confirmation Number or PIN Code<\/span>\r\n\t\t\t<input type=\"text\" name=\"confirmnumber\" value=\"\" size=\"12\"\/> \r\n\t\t\t<input type=\"submit\" class=\"btn vbsearchordersubmit vbo-pref-color-btn\" name=\"vbsearchorder\" value=\"Search\"\/>\r\n\t\t<\/div>\r\n\t<\/div>\r\n<\/form>\r\n\r\n\n<\/div>\n","protected":false},"excerpt":{"rendered":"","protected":false},"author":7,"featured_media":0,"parent":0,"menu_order":0,"comment_status":"closed","ping_status":"closed","template":"","meta":{"footnotes":""},"class_list":["post-2983","page","type-page","status-publish","hentry"],"yoast_head":"<!-- This site is optimized with the Yoast SEO plugin v24.5 - https:\/\/yoast.com\/wordpress\/plugins\/seo\/ -->\n<title>Lijst met reserveringen - Urban Lodge<\/title>\n<meta name=\"robots\" content=\"index, follow, max-snippet:-1, max-image-preview:large, max-video-preview:-1\" \/>\n<link rel=\"canonical\" href=\"https:\/\/urbanlodge.be\/nl\/lijst-met-reserveringen\/\" \/>\n<meta property=\"og:locale\" content=\"nl_NL\" \/>\n<meta property=\"og:type\" content=\"article\" \/>\n<meta property=\"og:title\" content=\"Lijst met reserveringen - Urban Lodge\" \/>\n<meta property=\"og:url\" content=\"https:\/\/urbanlodge.be\/nl\/lijst-met-reserveringen\/\" \/>\n<meta property=\"og:site_name\" content=\"Urban Lodge\" \/>\n<meta property=\"article:modified_time\" content=\"2024-03-20T11:35:30+00:00\" \/>\n<meta name=\"twitter:card\" content=\"summary_large_image\" \/>\n<meta name=\"twitter:label1\" content=\"Geschatte leestijd\" \/>\n\t<meta name=\"twitter:data1\" content=\"1 minuut\" \/>\n<script type=\"application\/ld+json\" class=\"yoast-schema-graph\">{\"@context\":\"https:\/\/schema.org\",\"@graph\":[{\"@type\":\"WebPage\",\"@id\":\"https:\/\/urbanlodge.be\/nl\/lijst-met-reserveringen\/\",\"url\":\"https:\/\/urbanlodge.be\/nl\/lijst-met-reserveringen\/\",\"name\":\"Lijst met reserveringen - Urban Lodge\",\"isPartOf\":{\"@id\":\"https:\/\/urbanlodge.be\/nl\/#website\"},\"datePublished\":\"2021-01-18T10:22:45+00:00\",\"dateModified\":\"2024-03-20T11:35:30+00:00\",\"breadcrumb\":{\"@id\":\"https:\/\/urbanlodge.be\/nl\/lijst-met-reserveringen\/#breadcrumb\"},\"inLanguage\":\"nl-NL\",\"potentialAction\":[{\"@type\":\"ReadAction\",\"target\":[\"https:\/\/urbanlodge.be\/nl\/lijst-met-reserveringen\/\"]}]},{\"@type\":\"BreadcrumbList\",\"@id\":\"https:\/\/urbanlodge.be\/nl\/lijst-met-reserveringen\/#breadcrumb\",\"itemListElement\":[{\"@type\":\"ListItem\",\"position\":1,\"name\":\"Accueil\",\"item\":\"https:\/\/urbanlodge.be\/nl\/\"},{\"@type\":\"ListItem\",\"position\":2,\"name\":\"Lijst met reserveringen\"}]},{\"@type\":\"WebSite\",\"@id\":\"https:\/\/urbanlodge.be\/nl\/#website\",\"url\":\"https:\/\/urbanlodge.be\/nl\/\",\"name\":\"Urban Lodge\",\"description\":\"R\u00e9sidence h\u00f4teli\u00e8re de luxe \u00e0 Chaudfontaine\",\"publisher\":{\"@id\":\"https:\/\/urbanlodge.be\/nl\/#organization\"},\"potentialAction\":[{\"@type\":\"SearchAction\",\"target\":{\"@type\":\"EntryPoint\",\"urlTemplate\":\"https:\/\/urbanlodge.be\/nl\/?s={search_term_string}\"},\"query-input\":{\"@type\":\"PropertyValueSpecification\",\"valueRequired\":true,\"valueName\":\"search_term_string\"}}],\"inLanguage\":\"nl-NL\"},{\"@type\":\"Organization\",\"@id\":\"https:\/\/urbanlodge.be\/nl\/#organization\",\"name\":\"Urban Lodge\",\"url\":\"https:\/\/urbanlodge.be\/nl\/\",\"logo\":{\"@type\":\"ImageObject\",\"inLanguage\":\"nl-NL\",\"@id\":\"https:\/\/urbanlodge.be\/nl\/#\/schema\/logo\/image\/\",\"url\":\"http:\/\/urbanlodge.be\/wp-content\/uploads\/2022\/12\/cropped-favicon.jpg\",\"contentUrl\":\"http:\/\/urbanlodge.be\/wp-content\/uploads\/2022\/12\/cropped-favicon.jpg\",\"width\":512,\"height\":512,\"caption\":\"Urban Lodge\"},\"image\":{\"@id\":\"https:\/\/urbanlodge.be\/nl\/#\/schema\/logo\/image\/\"}}]}<\/script>\n<!-- \/ Yoast SEO plugin. -->","yoast_head_json":{"title":"Lijst met reserveringen - Urban Lodge","robots":{"index":"index","follow":"follow","max-snippet":"max-snippet:-1","max-image-preview":"max-image-preview:large","max-video-preview":"max-video-preview:-1"},"canonical":"https:\/\/urbanlodge.be\/nl\/lijst-met-reserveringen\/","og_locale":"nl_NL","og_type":"article","og_title":"Lijst met reserveringen - Urban Lodge","og_url":"https:\/\/urbanlodge.be\/nl\/lijst-met-reserveringen\/","og_site_name":"Urban Lodge","article_modified_time":"2024-03-20T11:35:30+00:00","twitter_card":"summary_large_image","twitter_misc":{"Geschatte leestijd":"1 minuut"},"schema":{"@context":"https:\/\/schema.org","@graph":[{"@type":"WebPage","@id":"https:\/\/urbanlodge.be\/nl\/lijst-met-reserveringen\/","url":"https:\/\/urbanlodge.be\/nl\/lijst-met-reserveringen\/","name":"Lijst met reserveringen - Urban Lodge","isPartOf":{"@id":"https:\/\/urbanlodge.be\/nl\/#website"},"datePublished":"2021-01-18T10:22:45+00:00","dateModified":"2024-03-20T11:35:30+00:00","breadcrumb":{"@id":"https:\/\/urbanlodge.be\/nl\/lijst-met-reserveringen\/#breadcrumb"},"inLanguage":"nl-NL","potentialAction":[{"@type":"ReadAction","target":["https:\/\/urbanlodge.be\/nl\/lijst-met-reserveringen\/"]}]},{"@type":"BreadcrumbList","@id":"https:\/\/urbanlodge.be\/nl\/lijst-met-reserveringen\/#breadcrumb","itemListElement":[{"@type":"ListItem","position":1,"name":"Accueil","item":"https:\/\/urbanlodge.be\/nl\/"},{"@type":"ListItem","position":2,"name":"Lijst met reserveringen"}]},{"@type":"WebSite","@id":"https:\/\/urbanlodge.be\/nl\/#website","url":"https:\/\/urbanlodge.be\/nl\/","name":"Urban Lodge","description":"R\u00e9sidence h\u00f4teli\u00e8re de luxe \u00e0 Chaudfontaine","publisher":{"@id":"https:\/\/urbanlodge.be\/nl\/#organization"},"potentialAction":[{"@type":"SearchAction","target":{"@type":"EntryPoint","urlTemplate":"https:\/\/urbanlodge.be\/nl\/?s={search_term_string}"},"query-input":{"@type":"PropertyValueSpecification","valueRequired":true,"valueName":"search_term_string"}}],"inLanguage":"nl-NL"},{"@type":"Organization","@id":"https:\/\/urbanlodge.be\/nl\/#organization","name":"Urban Lodge","url":"https:\/\/urbanlodge.be\/nl\/","logo":{"@type":"ImageObject","inLanguage":"nl-NL","@id":"https:\/\/urbanlodge.be\/nl\/#\/schema\/logo\/image\/","url":"http:\/\/urbanlodge.be\/wp-content\/uploads\/2022\/12\/cropped-favicon.jpg","contentUrl":"http:\/\/urbanlodge.be\/wp-content\/uploads\/2022\/12\/cropped-favicon.jpg","width":512,"height":512,"caption":"Urban Lodge"},"image":{"@id":"https:\/\/urbanlodge.be\/nl\/#\/schema\/logo\/image\/"}}]}},"_links":{"self":[{"href":"https:\/\/urbanlodge.be\/nl\/wp-json\/wp\/v2\/pages\/2983","targetHints":{"allow":["GET"]}}],"collection":[{"href":"https:\/\/urbanlodge.be\/nl\/wp-json\/wp\/v2\/pages"}],"about":[{"href":"https:\/\/urbanlodge.be\/nl\/wp-json\/wp\/v2\/types\/page"}],"author":[{"embeddable":true,"href":"https:\/\/urbanlodge.be\/nl\/wp-json\/wp\/v2\/users\/7"}],"replies":[{"embeddable":true,"href":"https:\/\/urbanlodge.be\/nl\/wp-json\/wp\/v2\/comments?post=2983"}],"version-history":[{"count":1,"href":"https:\/\/urbanlodge.be\/nl\/wp-json\/wp\/v2\/pages\/2983\/revisions"}],"predecessor-version":[{"id":2984,"href":"https:\/\/urbanlodge.be\/nl\/wp-json\/wp\/v2\/pages\/2983\/revisions\/2984"}],"wp:attachment":[{"href":"https:\/\/urbanlodge.be\/nl\/wp-json\/wp\/v2\/media?parent=2983"}],"curies":[{"name":"wp","href":"https:\/\/api.w.org\/{rel}","templated":true}]}}