{"id":3045,"date":"2020-10-21T08:43:12","date_gmt":"2020-10-21T06:43:12","guid":{"rendered":"http:\/\/urbanlodge.be\/?page_id=3045"},"modified":"2024-03-21T08:58:42","modified_gmt":"2024-03-21T07:58:42","slug":"cookiebeleid","status":"publish","type":"page","link":"https:\/\/urbanlodge.be\/nl\/cookiebeleid\/","title":{"rendered":"Cookiebeleid"},"content":{"rendered":"\t\t<div data-elementor-type=\"wp-post\" data-elementor-id=\"3045\" class=\"elementor elementor-3045 elementor-1217\">\n\t\t\t\t\t\t<section class=\"elementor-section elementor-top-section elementor-element elementor-element-464d89b elementor-section-full_width elementor-section-height-full elementor-section-height-default elementor-section-items-middle\" data-id=\"464d89b\" data-element_type=\"section\" data-settings=\"{&quot;background_background&quot;:&quot;classic&quot;}\">\n\t\t\t\t\t\t\t<div class=\"elementor-background-overlay\"><\/div>\n\t\t\t\t\t\t\t<div class=\"elementor-container elementor-column-gap-default\">\n\t\t\t\t\t<div class=\"elementor-column elementor-col-100 elementor-top-column elementor-element elementor-element-7c785917\" data-id=\"7c785917\" data-element_type=\"column\">\n\t\t\t<div class=\"elementor-widget-wrap elementor-element-populated\">\n\t\t\t\t\t\t<div class=\"elementor-element elementor-element-4ed612dd elementor-widget elementor-widget-spacer\" data-id=\"4ed612dd\" data-element_type=\"widget\" data-widget_type=\"spacer.default\">\n\t\t\t\t<div class=\"elementor-widget-container\">\n\t\t\t\t\t<div class=\"elementor-spacer\">\n\t\t\t<div class=\"elementor-spacer-inner\"><\/div>\n\t\t<\/div>\n\t\t\t\t<\/div>\n\t\t\t\t<\/div>\n\t\t\t\t<div class=\"elementor-element elementor-element-a947cf6 elementor-view-default elementor-position-top elementor-invisible elementor-widget elementor-widget-themo-header\" data-id=\"a947cf6\" data-element_type=\"widget\" data-settings=\"{&quot;_animation&quot;:&quot;fadeIn&quot;}\" data-widget_type=\"themo-header.default\">\n\t\t\t\t<div class=\"elementor-widget-container\">\n\t\t\t\t\t<div class=\"th-header-wrap\">\n        <div class=\"elementor-icon-box-wrapper \">\n                            <div class=\"elementor-icon-box-content\">\n                    <h1 class=\"elementor-icon-box-title\">\n                        COOKIEBELEID                    <\/h1>\n                                            <span class=\"th-header-divider\"><\/span>\n                                        <p class=\"elementor-icon-box-description\"><\/p>\n\n                                    <\/div>\n            <\/div>\n\n        <\/div>\n\n\t\t\t\t<\/div>\n\t\t\t\t<\/div>\n\t\t\t\t\t<\/div>\n\t\t<\/div>\n\t\t\t\t\t<\/div>\n\t\t<\/section>\n\t\t\t\t<section class=\"th-parallax elementor-section elementor-top-section elementor-element elementor-element-729946c7 elementor-section-boxed elementor-section-height-default elementor-section-height-default\" data-parallax=\"scroll\" data-image-src=\"\" data-id=\"729946c7\" data-element_type=\"section\" data-settings=\"{&quot;background_background&quot;:&quot;classic&quot;}\">\n\t\t\t\t\t\t<div class=\"elementor-container elementor-column-gap-default\">\n\t\t\t\t\t<div class=\"elementor-column elementor-col-100 elementor-top-column elementor-element elementor-element-25e1df6e\" data-id=\"25e1df6e\" data-element_type=\"column\">\n\t\t\t<div class=\"elementor-widget-wrap elementor-element-populated\">\n\t\t\t\t\t\t<div class=\"elementor-element elementor-element-035a1e6 elementor-widget elementor-widget-text-editor\" data-id=\"035a1e6\" data-element_type=\"widget\" data-widget_type=\"text-editor.default\">\n\t\t\t\t<div class=\"elementor-widget-container\">\n\t\t\t\t\t\t\t<p><b><strong>Urban Lodge<\/strong><\/b> (\"wij\", \"ons\" of \"onze\") maakt gebruik van cookies om u een verbeterde en meer gepersonaliseerde webdienst aan te bieden. Door middel van dit cookiebeleid laten wij u in alle transparantie zien hoe en waarom wij cookies gebruiken op deze site.<\/p><p><b><strong>Wanneer u onze site bezoekt<\/strong><\/b>, worden cookies standaard geactiveerd en kunnen gegevens lokaal op uw hardware worden gelezen of opgeslagen. De eerste keer dat u een cookie ontvangt, krijgt u een melding en kunt u beslissen of u deze wel of niet wilt accepteren. Door onze website te blijven gebruiken, aanvaardt u uitdrukkelijk het gebruik van deze cookies door L'Urban Lodge.<\/p><p><b><strong>Er worden geen gegevens automatisch verzameld door de site zelf.<\/strong><\/b> De enige gegevens die wij verwerken zijn de gegevens die u vrijwillig aan ons meedeelt, hetzij in het kader van uitgewisselde communicatie, bijvoorbeeld door berichten te sturen op deze site, door met ons te communiceren via e-mail, in het kader van de inschrijving voor een nieuwsbrief, enz.<\/p><h2>WAT IS EEN COOKIE EN WAARVOOR WORDT HET GEBRUIKT?<\/h2><p>Een \"cookie\" is een klein tekstbestand dat wordt opgeslagen en\/of gelezen door uw browser, op de harde schijf van uw terminal (pc, laptop of smartphone bijvoorbeeld) en dat wordt verzonden door de websites die u bezoekt. De meeste websites gebruiken cookies om goed te kunnen functioneren en om hun ergonomie en functionaliteiten te optimaliseren.<\/p><p>De cookie bevat een unieke code waarmee uw browser kan worden herkend wanneer u de website bezoekt of bij toekomstige herhaalde bezoeken. Deze cookies verwerken een bepaalde hoeveelheid informatie, zoals uw voorkeuren (identificatie, taal, enz.), waardoor interacties met de sites veiliger en sneller verlopen. Andere informatie kan automatisch worden verzameld, maar wordt alleen gebruikt voor statistische doeleinden en blijft volledig anoniem.<\/p><p>Cookies worden ook gebruikt voor navigatie tussen de verschillende pagina's van de website. Ze kunnen ook worden gebruikt om inhoud en\/of reclame op de site af te stemmen op de persoonlijke smaak en behoeften van de bezoeker.<\/p><p>Afhankelijk van hun functie en het doel waarvoor ze worden gebruikt, worden de cookies ingedeeld in de hieronder beschreven categorie\u00ebn die door L'Urban Lodge op deze site worden gebruikt:<\/p><ul><li>Cookies die absoluut noodzakelijk zijn voor het surfen, stellen u in staat onze website te bezoeken en de basisfuncties ervan te gebruiken. Deze cookies hebben alleen betrekking op uw IP-adres, dat noodzakelijk is voor het surfen op internet. Deze cookies zijn essentieel voor de goede werking van onze website.<\/li><li>Functionaliteitscookies worden gebruikt om de werking van onze website te analyseren en u een aangenamere en gepersonaliseerde gebruikerservaring te bieden - uw voorkeuren onthouden, statistieken samenstellen, het gebruik van onze site en de populariteit van onze pagina's analyseren, enz. Deze cookies verzamelen anonieme informatie.<\/li><li>Met analyse- en prestatiecookies kunnen we informatie verzamelen over hoe bezoekers onze website gebruiken. Deze cookies maken het mogelijk om de inhoud en de prestaties van onze website te evalueren en te verbeteren (geraadpleegde webpagina's, namen van bezoekers, online gedrag, enz.)<\/li><\/ul><p>Alle andere verzamelde informatie wordt alleen gebruikt door statistische tools zoals Google Analytics, dat strikt anonieme statistische rapporten over bezoeken genereert.<\/p><p>De bewaarperiode voor cookies varieert afhankelijk van het type: essenti\u00eble cookies worden over het algemeen bewaard totdat de browser wordt gesloten, terwijl functionele cookies \u00e9\u00e9n jaar geldig blijven en prestatiecookies vier jaar geldig blijven.<\/p><p>Houd er rekening mee dat derden (waaronder bijvoorbeeld advertentienetwerken en externe serviceproviders zoals analysediensten voor webverkeer) ook cookies kunnen gebruiken, waarover wij geen controle hebben. Deze cookies zijn waarschijnlijk analytische\/prestatiecookies of targeting cookies.<\/p><h2>COOKIEBEHEER<\/h2><p>Voor het gebruik van cookies is Uw voorafgaande en uitdrukkelijke toestemming vereist. U kunt uw toestemming voor het gebruik van cookies echter te allen tijde intrekken. U kunt uw browser zo instellen dat cookies systematisch worden geweigerd (inclusief cookies die worden gebruikt voor publieksmeting).<\/p><p>Houd er rekening mee dat als u het opslaan van cookies op uw terminal weigert via uw internetbrowser, u nog steeds op deze site kunt surfen, maar dat bepaalde onderdelen en opties mogelijk niet correct functioneren.<\/p><p>Raadpleeg ook ons \"privacybeleid\", waarin de regels worden beschreven die we volgen bij het verwerken van persoonlijke gegevens die we mogelijk verzamelen.<\/p><h2>COOKIES UITSCHAKELEN (OPT-OUT)<\/h2><p>U kunt de cookies die op uw terminal zijn opgeslagen verwijderen en cookies blokkeren door uw browser te configureren, waarmee u het plaatsen van alle of sommige cookies (waaronder essenti\u00eble cookies) kunt weigeren. Als u cookies deactiveert, is het mogelijk dat u geen toegang krijgt tot (een deel van) de website van Urban Lodge.<\/p><p>Volg de onderstaande links voor meer informatie:<\/p><ul><li><a href=\"https:\/\/windows.microsoft.com\/en-us\/windows-vista\/block-or-allow-cookies\" target=\"_blank\" rel=\"noopener noreferrer\">Microsoft Internet Explorer<\/a><\/li><li><a href=\"https:\/\/support.google.com\/accounts\/answer\/61416?hl=en\" target=\"_blank\" rel=\"noopener noreferrer\">Google Chrome<\/a><\/li><li><a href=\"https:\/\/support.apple.com\/kb\/PH5042\" target=\"_blank\" rel=\"noopener noreferrer\">Safari<\/a><\/li><li><a href=\"https:\/\/support.mozilla.org\/en-US\/kb\/enable-and-disable-cookies-website-preferences\" target=\"_blank\" rel=\"noopener noreferrer\">Firefox<\/a><\/li><\/ul><p><b><strong>Vragen over ons Cookiebeleid?<\/strong><\/b><\/p><p>Als u vragen heeft over het Cookiebeleid van Urban Lodge, aarzel dan niet om contact met ons op te nemen door een e-mail te sturen naar <a href=\"mailto:info@urbanlodge.be\">info@urbanlodge.be.<\/a><\/p>\t\t\t\t\t\t<\/div>\n\t\t\t\t<\/div>\n\t\t\t\t\t<\/div>\n\t\t<\/div>\n\t\t\t\t\t<\/div>\n\t\t<\/section>\n\t\t\t\t<section class=\"elementor-section elementor-top-section elementor-element elementor-element-13348e22 elementor-section-full_width elementor-section-height-default elementor-section-height-default\" data-id=\"13348e22\" data-element_type=\"section\" data-settings=\"{&quot;background_background&quot;:&quot;classic&quot;}\">\n\t\t\t\t\t\t<div class=\"elementor-container elementor-column-gap-default\">\n\t\t\t\t\t<div class=\"elementor-column elementor-col-50 elementor-top-column elementor-element elementor-element-1ee6094 elementor-invisible\" data-id=\"1ee6094\" data-element_type=\"column\" data-settings=\"{&quot;animation&quot;:&quot;slideInLeft&quot;}\">\n\t\t\t<div class=\"elementor-widget-wrap elementor-element-populated\">\n\t\t\t\t\t\t<div class=\"elementor-element elementor-element-606e70a elementor-widget elementor-widget-spacer\" data-id=\"606e70a\" data-element_type=\"widget\" data-widget_type=\"spacer.default\">\n\t\t\t\t<div class=\"elementor-widget-container\">\n\t\t\t\t\t<div class=\"elementor-spacer\">\n\t\t\t<div class=\"elementor-spacer-inner\"><\/div>\n\t\t<\/div>\n\t\t\t\t<\/div>\n\t\t\t\t<\/div>\n\t\t\t\t<div class=\"elementor-element elementor-element-ed03dac elementor-widget elementor-widget-themo-call-to-action\" data-id=\"ed03dac\" data-element_type=\"widget\" data-widget_type=\"themo-call-to-action.default\">\n\t\t\t\t<div class=\"elementor-widget-container\">\n\t\t\t\t\t<div class=\"th-cta\">\n\t\t\t\t\t        <div class=\"th-cta-text\">\n\t\t            <span>Vous avez d'autres questions ?<\/span>\n\t\t        <\/div>\n\t\t    \n                        <div class=\"th-cta-btn\">\n\n                                    <a class=\"btn-1 btn th-btn btn-ghost-light\" href=\"#\" target=\"_blank\">\n                                                    Contactez-nous                                            <\/a>\n                \n                            <\/div>\n            \t\t<\/div>\n\t\t\t\t<\/div>\n\t\t\t\t<\/div>\n\t\t\t\t<div class=\"elementor-element elementor-element-eea60de elementor-widget elementor-widget-spacer\" data-id=\"eea60de\" data-element_type=\"widget\" data-widget_type=\"spacer.default\">\n\t\t\t\t<div class=\"elementor-widget-container\">\n\t\t\t\t\t<div class=\"elementor-spacer\">\n\t\t\t<div class=\"elementor-spacer-inner\"><\/div>\n\t\t<\/div>\n\t\t\t\t<\/div>\n\t\t\t\t<\/div>\n\t\t\t\t\t<\/div>\n\t\t<\/div>\n\t\t\t\t<div class=\"elementor-column elementor-col-50 elementor-top-column elementor-element elementor-element-80cff8f elementor-invisible\" data-id=\"80cff8f\" data-element_type=\"column\" data-settings=\"{&quot;background_background&quot;:&quot;classic&quot;,&quot;animation&quot;:&quot;slideInRight&quot;}\">\n\t\t\t<div class=\"elementor-widget-wrap elementor-element-populated\">\n\t\t\t\t\t\t<div class=\"elementor-element elementor-element-2c620d5b elementor-widget elementor-widget-spacer\" data-id=\"2c620d5b\" data-element_type=\"widget\" data-widget_type=\"spacer.default\">\n\t\t\t\t<div class=\"elementor-widget-container\">\n\t\t\t\t\t<div class=\"elementor-spacer\">\n\t\t\t<div class=\"elementor-spacer-inner\"><\/div>\n\t\t<\/div>\n\t\t\t\t<\/div>\n\t\t\t\t<\/div>\n\t\t\t\t<div class=\"elementor-element elementor-element-3a28f08 elementor-widget elementor-widget-themo-call-to-action\" data-id=\"3a28f08\" data-element_type=\"widget\" data-widget_type=\"themo-call-to-action.default\">\n\t\t\t\t<div class=\"elementor-widget-container\">\n\t\t\t\t\t<div class=\"th-cta\">\n\t\t\t\t\t        <div class=\"th-cta-text\">\n\t\t            <span>Vous souhaitez r\u00e9server un logement ?<\/span>\n\t\t        <\/div>\n\t\t    \n                        <div class=\"th-cta-btn\">\n\n                                    <a class=\"btn-1 btn th-btn btn-ghost-light\" href=\"#\" target=\"_blank\">\n                                                    R\u00e9server                                            <\/a>\n                \n                            <\/div>\n            \t\t<\/div>\n\t\t\t\t<\/div>\n\t\t\t\t<\/div>\n\t\t\t\t<div class=\"elementor-element elementor-element-640cec2b elementor-widget elementor-widget-spacer\" data-id=\"640cec2b\" data-element_type=\"widget\" data-widget_type=\"spacer.default\">\n\t\t\t\t<div class=\"elementor-widget-container\">\n\t\t\t\t\t<div class=\"elementor-spacer\">\n\t\t\t<div class=\"elementor-spacer-inner\"><\/div>\n\t\t<\/div>\n\t\t\t\t<\/div>\n\t\t\t\t<\/div>\n\t\t\t\t\t<\/div>\n\t\t<\/div>\n\t\t\t\t\t<\/div>\n\t\t<\/section>\n\t\t\t\t<\/div>\n\t\t","protected":false},"excerpt":{"rendered":"<p>COOKIEBELEID Urban Lodge (\"wij\", \"ons\" of \"onze\") maakt gebruik van cookies om u een verbeterde en meer gepersonaliseerde webdienst aan te bieden. Door middel van dit cookiebeleid laten wij u in alle transparantie zien hoe en waarom wij cookies gebruiken &hellip; <a href=\"https:\/\/urbanlodge.be\/nl\/cookiebeleid\/\">Read More<\/a><\/p>\n","protected":false},"author":7,"featured_media":0,"parent":0,"menu_order":4,"comment_status":"closed","ping_status":"closed","template":"","meta":{"footnotes":""},"class_list":["post-3045","page","type-page","status-publish","hentry"],"yoast_head":"<!-- This site is optimized with the Yoast SEO plugin v24.5 - https:\/\/yoast.com\/wordpress\/plugins\/seo\/ -->\n<title>Cookiebeleid - Urban Lodge<\/title>\n<meta name=\"robots\" content=\"index, follow, max-snippet:-1, max-image-preview:large, max-video-preview:-1\" \/>\n<link rel=\"canonical\" href=\"https:\/\/urbanlodge.be\/nl\/cookiebeleid\/\" \/>\n<meta property=\"og:locale\" content=\"nl_NL\" \/>\n<meta property=\"og:type\" content=\"article\" \/>\n<meta property=\"og:title\" content=\"Cookiebeleid - Urban Lodge\" \/>\n<meta property=\"og:description\" content=\"COOKIEBELEID Urban Lodge (&quot;wij&quot;, &quot;ons&quot; of &quot;onze&quot;) maakt gebruik van cookies om u een verbeterde en meer gepersonaliseerde webdienst aan te bieden. Door middel van dit cookiebeleid laten wij u in alle transparantie zien hoe en waarom wij cookies gebruiken &hellip; Read More\" \/>\n<meta property=\"og:url\" content=\"https:\/\/urbanlodge.be\/nl\/cookiebeleid\/\" \/>\n<meta property=\"og:site_name\" content=\"Urban Lodge\" \/>\n<meta property=\"article:modified_time\" content=\"2024-03-21T07:58:42+00:00\" \/>\n<meta name=\"twitter:card\" content=\"summary_large_image\" \/>\n<meta name=\"twitter:label1\" content=\"Geschatte leestijd\" \/>\n\t<meta name=\"twitter:data1\" content=\"4 minuten\" \/>\n<script type=\"application\/ld+json\" class=\"yoast-schema-graph\">{\"@context\":\"https:\/\/schema.org\",\"@graph\":[{\"@type\":\"WebPage\",\"@id\":\"https:\/\/urbanlodge.be\/nl\/cookiebeleid\/\",\"url\":\"https:\/\/urbanlodge.be\/nl\/cookiebeleid\/\",\"name\":\"Cookiebeleid - Urban Lodge\",\"isPartOf\":{\"@id\":\"https:\/\/urbanlodge.be\/nl\/#website\"},\"datePublished\":\"2020-10-21T06:43:12+00:00\",\"dateModified\":\"2024-03-21T07:58:42+00:00\",\"breadcrumb\":{\"@id\":\"https:\/\/urbanlodge.be\/nl\/cookiebeleid\/#breadcrumb\"},\"inLanguage\":\"nl-NL\",\"potentialAction\":[{\"@type\":\"ReadAction\",\"target\":[\"https:\/\/urbanlodge.be\/nl\/cookiebeleid\/\"]}]},{\"@type\":\"BreadcrumbList\",\"@id\":\"https:\/\/urbanlodge.be\/nl\/cookiebeleid\/#breadcrumb\",\"itemListElement\":[{\"@type\":\"ListItem\",\"position\":1,\"name\":\"Accueil\",\"item\":\"https:\/\/urbanlodge.be\/nl\/\"},{\"@type\":\"ListItem\",\"position\":2,\"name\":\"Cookiebeleid\"}]},{\"@type\":\"WebSite\",\"@id\":\"https:\/\/urbanlodge.be\/nl\/#website\",\"url\":\"https:\/\/urbanlodge.be\/nl\/\",\"name\":\"Urban Lodge\",\"description\":\"R\u00e9sidence h\u00f4teli\u00e8re de luxe \u00e0 Chaudfontaine\",\"publisher\":{\"@id\":\"https:\/\/urbanlodge.be\/nl\/#organization\"},\"potentialAction\":[{\"@type\":\"SearchAction\",\"target\":{\"@type\":\"EntryPoint\",\"urlTemplate\":\"https:\/\/urbanlodge.be\/nl\/?s={search_term_string}\"},\"query-input\":{\"@type\":\"PropertyValueSpecification\",\"valueRequired\":true,\"valueName\":\"search_term_string\"}}],\"inLanguage\":\"nl-NL\"},{\"@type\":\"Organization\",\"@id\":\"https:\/\/urbanlodge.be\/nl\/#organization\",\"name\":\"Urban Lodge\",\"url\":\"https:\/\/urbanlodge.be\/nl\/\",\"logo\":{\"@type\":\"ImageObject\",\"inLanguage\":\"nl-NL\",\"@id\":\"https:\/\/urbanlodge.be\/nl\/#\/schema\/logo\/image\/\",\"url\":\"http:\/\/urbanlodge.be\/wp-content\/uploads\/2022\/12\/cropped-favicon.jpg\",\"contentUrl\":\"http:\/\/urbanlodge.be\/wp-content\/uploads\/2022\/12\/cropped-favicon.jpg\",\"width\":512,\"height\":512,\"caption\":\"Urban Lodge\"},\"image\":{\"@id\":\"https:\/\/urbanlodge.be\/nl\/#\/schema\/logo\/image\/\"}}]}<\/script>\n<!-- \/ Yoast SEO plugin. -->","yoast_head_json":{"title":"Cookiebeleid - Urban Lodge","robots":{"index":"index","follow":"follow","max-snippet":"max-snippet:-1","max-image-preview":"max-image-preview:large","max-video-preview":"max-video-preview:-1"},"canonical":"https:\/\/urbanlodge.be\/nl\/cookiebeleid\/","og_locale":"nl_NL","og_type":"article","og_title":"Cookiebeleid - Urban Lodge","og_description":"COOKIEBELEID Urban Lodge (\"wij\", \"ons\" of \"onze\") maakt gebruik van cookies om u een verbeterde en meer gepersonaliseerde webdienst aan te bieden. Door middel van dit cookiebeleid laten wij u in alle transparantie zien hoe en waarom wij cookies gebruiken &hellip; Read More","og_url":"https:\/\/urbanlodge.be\/nl\/cookiebeleid\/","og_site_name":"Urban Lodge","article_modified_time":"2024-03-21T07:58:42+00:00","twitter_card":"summary_large_image","twitter_misc":{"Geschatte leestijd":"4 minuten"},"schema":{"@context":"https:\/\/schema.org","@graph":[{"@type":"WebPage","@id":"https:\/\/urbanlodge.be\/nl\/cookiebeleid\/","url":"https:\/\/urbanlodge.be\/nl\/cookiebeleid\/","name":"Cookiebeleid - Urban Lodge","isPartOf":{"@id":"https:\/\/urbanlodge.be\/nl\/#website"},"datePublished":"2020-10-21T06:43:12+00:00","dateModified":"2024-03-21T07:58:42+00:00","breadcrumb":{"@id":"https:\/\/urbanlodge.be\/nl\/cookiebeleid\/#breadcrumb"},"inLanguage":"nl-NL","potentialAction":[{"@type":"ReadAction","target":["https:\/\/urbanlodge.be\/nl\/cookiebeleid\/"]}]},{"@type":"BreadcrumbList","@id":"https:\/\/urbanlodge.be\/nl\/cookiebeleid\/#breadcrumb","itemListElement":[{"@type":"ListItem","position":1,"name":"Accueil","item":"https:\/\/urbanlodge.be\/nl\/"},{"@type":"ListItem","position":2,"name":"Cookiebeleid"}]},{"@type":"WebSite","@id":"https:\/\/urbanlodge.be\/nl\/#website","url":"https:\/\/urbanlodge.be\/nl\/","name":"Urban Lodge","description":"R\u00e9sidence h\u00f4teli\u00e8re de luxe \u00e0 Chaudfontaine","publisher":{"@id":"https:\/\/urbanlodge.be\/nl\/#organization"},"potentialAction":[{"@type":"SearchAction","target":{"@type":"EntryPoint","urlTemplate":"https:\/\/urbanlodge.be\/nl\/?s={search_term_string}"},"query-input":{"@type":"PropertyValueSpecification","valueRequired":true,"valueName":"search_term_string"}}],"inLanguage":"nl-NL"},{"@type":"Organization","@id":"https:\/\/urbanlodge.be\/nl\/#organization","name":"Urban Lodge","url":"https:\/\/urbanlodge.be\/nl\/","logo":{"@type":"ImageObject","inLanguage":"nl-NL","@id":"https:\/\/urbanlodge.be\/nl\/#\/schema\/logo\/image\/","url":"http:\/\/urbanlodge.be\/wp-content\/uploads\/2022\/12\/cropped-favicon.jpg","contentUrl":"http:\/\/urbanlodge.be\/wp-content\/uploads\/2022\/12\/cropped-favicon.jpg","width":512,"height":512,"caption":"Urban Lodge"},"image":{"@id":"https:\/\/urbanlodge.be\/nl\/#\/schema\/logo\/image\/"}}]}},"_links":{"self":[{"href":"https:\/\/urbanlodge.be\/nl\/wp-json\/wp\/v2\/pages\/3045","targetHints":{"allow":["GET"]}}],"collection":[{"href":"https:\/\/urbanlodge.be\/nl\/wp-json\/wp\/v2\/pages"}],"about":[{"href":"https:\/\/urbanlodge.be\/nl\/wp-json\/wp\/v2\/types\/page"}],"author":[{"embeddable":true,"href":"https:\/\/urbanlodge.be\/nl\/wp-json\/wp\/v2\/users\/7"}],"replies":[{"embeddable":true,"href":"https:\/\/urbanlodge.be\/nl\/wp-json\/wp\/v2\/comments?post=3045"}],"version-history":[{"count":7,"href":"https:\/\/urbanlodge.be\/nl\/wp-json\/wp\/v2\/pages\/3045\/revisions"}],"predecessor-version":[{"id":3058,"href":"https:\/\/urbanlodge.be\/nl\/wp-json\/wp\/v2\/pages\/3045\/revisions\/3058"}],"wp:attachment":[{"href":"https:\/\/urbanlodge.be\/nl\/wp-json\/wp\/v2\/media?parent=3045"}],"curies":[{"name":"wp","href":"https:\/\/api.w.org\/{rel}","templated":true}]}}